{"id":492,"date":"2019-10-15T18:21:06","date_gmt":"2019-10-15T18:21:06","guid":{"rendered":"https:\/\/moveislaranjo.com\/loja\/loja\/?page_id=492"},"modified":"2020-01-24T17:15:36","modified_gmt":"2020-01-24T17:15:36","slug":"camas","status":"publish","type":"page","link":"https:\/\/moveislaranjo.com\/loja\/camas\/","title":{"rendered":"Camas"},"content":{"rendered":"","protected":true},"excerpt":{"rendered":"","protected":true},"author":3,"featured_media":0,"parent":0,"menu_order":0,"comment_status":"closed","ping_status":"closed","template":"elementor_header_footer","meta":{"ocean_post_layout":"","ocean_both_sidebars_style":"","ocean_both_sidebars_content_width":0,"ocean_both_sidebars_sidebars_width":0,"ocean_sidebar":"0","ocean_second_sidebar":"0","ocean_disable_margins":"enable","ocean_add_body_class":"","ocean_shortcode_before_top_bar":"","ocean_shortcode_after_top_bar":"","ocean_shortcode_before_header":"","ocean_shortcode_after_header":"","ocean_has_shortcode":"","ocean_shortcode_after_title":"","ocean_shortcode_before_footer_widgets":"","ocean_shortcode_after_footer_widgets":"","ocean_shortcode_before_footer_bottom":"","ocean_shortcode_after_footer_bottom":"","ocean_display_top_bar":"default","ocean_display_header":"default","ocean_header_style":"","ocean_center_header_left_menu":"0","ocean_custom_header_template":"0","ocean_custom_logo":0,"ocean_custom_retina_logo":0,"ocean_custom_logo_max_width":0,"ocean_custom_logo_tablet_max_width":0,"ocean_custom_logo_mobile_max_width":0,"ocean_custom_logo_max_height":0,"ocean_custom_logo_tablet_max_height":0,"ocean_custom_logo_mobile_max_height":0,"ocean_header_custom_menu":"0","ocean_menu_typo_font_family":"0","ocean_menu_typo_font_subset":"","ocean_menu_typo_font_size":0,"ocean_menu_typo_font_size_tablet":0,"ocean_menu_typo_font_size_mobile":0,"ocean_menu_typo_font_size_unit":"px","ocean_menu_typo_font_weight":"","ocean_menu_typo_font_weight_tablet":"","ocean_menu_typo_font_weight_mobile":"","ocean_menu_typo_transform":"","ocean_menu_typo_transform_tablet":"","ocean_menu_typo_transform_mobile":"","ocean_menu_typo_line_height":0,"ocean_menu_typo_line_height_tablet":0,"ocean_menu_typo_line_height_mobile":0,"ocean_menu_typo_line_height_unit":"","ocean_menu_typo_spacing":0,"ocean_menu_typo_spacing_tablet":0,"ocean_menu_typo_spacing_mobile":0,"ocean_menu_typo_spacing_unit":"","ocean_menu_link_color":"","ocean_menu_link_color_hover":"","ocean_menu_link_color_active":"","ocean_menu_link_background":"","ocean_menu_link_hover_background":"","ocean_menu_link_active_background":"","ocean_menu_social_links_bg":"","ocean_menu_social_hover_links_bg":"","ocean_menu_social_links_color":"","ocean_menu_social_hover_links_color":"","ocean_disable_title":"default","ocean_disable_heading":"default","ocean_post_title":"","ocean_post_subheading":"","ocean_post_title_style":"","ocean_post_title_background_color":"","ocean_post_title_background":0,"ocean_post_title_bg_image_position":"","ocean_post_title_bg_image_attachment":"","ocean_post_title_bg_image_repeat":"","ocean_post_title_bg_image_size":"","ocean_post_title_height":0,"ocean_post_title_bg_overlay":0.5,"ocean_post_title_bg_overlay_color":"","ocean_disable_breadcrumbs":"default","ocean_breadcrumbs_color":"","ocean_breadcrumbs_separator_color":"","ocean_breadcrumbs_links_color":"","ocean_breadcrumbs_links_hover_color":"","ocean_display_footer_widgets":"default","ocean_display_footer_bottom":"default","ocean_custom_footer_template":"0","footnotes":""},"class_list":["post-492","page","type-page","status-publish","post-password-required","hentry","entry"],"yoast_head":"<!-- This site is optimized with the Yoast SEO plugin v24.1 - https:\/\/yoast.com\/wordpress\/plugins\/seo\/ -->\n<title>M\u00f3veis Laranjo - Camas<\/title>\n<meta name=\"description\" content=\"M\u00f3veis Laranjo, a realizar os seus sonhos desde 1970. Somos mais do que uma loja de mobiliario e decora\u00e7\u00f5es, somos autores do seu conforto.\" \/>\n<meta name=\"robots\" content=\"index, follow, max-snippet:-1, max-image-preview:large, max-video-preview:-1\" \/>\n<link rel=\"canonical\" href=\"https:\/\/moveislaranjo.com\/loja\/camas\/\" \/>\n<meta property=\"og:locale\" content=\"pt_PT\" \/>\n<meta property=\"og:type\" content=\"article\" \/>\n<meta property=\"og:title\" content=\"M\u00f3veis Laranjo - Camas\" \/>\n<meta property=\"og:description\" content=\"M\u00f3veis Laranjo, a realizar os seus sonhos desde 1970. Somos mais do que uma loja de mobiliario e decora\u00e7\u00f5es, somos autores do seu conforto.\" \/>\n<meta property=\"og:url\" content=\"https:\/\/moveislaranjo.com\/loja\/camas\/\" \/>\n<meta property=\"og:site_name\" content=\"M\u00f3veis Laranjo\" \/>\n<meta property=\"article:publisher\" content=\"http:\/\/www.facebook.com\/moveislaranjo\" \/>\n<meta property=\"article:modified_time\" content=\"2020-01-24T17:15:36+00:00\" \/>\n<meta name=\"twitter:card\" content=\"summary_large_image\" \/>\n<script type=\"application\/ld+json\" class=\"yoast-schema-graph\">{\"@context\":\"https:\/\/schema.org\",\"@graph\":[{\"@type\":\"WebPage\",\"@id\":\"https:\/\/moveislaranjo.com\/loja\/camas\/\",\"url\":\"https:\/\/moveislaranjo.com\/loja\/camas\/\",\"name\":\"M\u00f3veis Laranjo - Camas\",\"isPartOf\":{\"@id\":\"https:\/\/moveislaranjo.com\/loja\/#website\"},\"datePublished\":\"2019-10-15T18:21:06+00:00\",\"dateModified\":\"2020-01-24T17:15:36+00:00\",\"breadcrumb\":{\"@id\":\"https:\/\/moveislaranjo.com\/loja\/camas\/#breadcrumb\"},\"inLanguage\":\"pt-PT\"},{\"@type\":\"WebSite\",\"@id\":\"https:\/\/moveislaranjo.com\/loja\/#website\",\"url\":\"https:\/\/moveislaranjo.com\/loja\/\",\"name\":\"M\u00f3veis Laranjo\",\"description\":\"Conforto e Qualidade\",\"publisher\":{\"@id\":\"https:\/\/moveislaranjo.com\/loja\/#organization\"},\"potentialAction\":[{\"@type\":\"SearchAction\",\"target\":{\"@type\":\"EntryPoint\",\"urlTemplate\":\"https:\/\/moveislaranjo.com\/loja\/?s={search_term_string}\"},\"query-input\":{\"@type\":\"PropertyValueSpecification\",\"valueRequired\":true,\"valueName\":\"search_term_string\"}}],\"inLanguage\":\"pt-PT\"},{\"@type\":\"Organization\",\"@id\":\"https:\/\/moveislaranjo.com\/loja\/#organization\",\"name\":\"M\u00f3veis Laranjo\",\"url\":\"https:\/\/moveislaranjo.com\/loja\/\",\"logo\":{\"@type\":\"ImageObject\",\"inLanguage\":\"pt-PT\",\"@id\":\"https:\/\/moveislaranjo.com\/loja\/#\/schema\/logo\/image\/\",\"url\":\"https:\/\/moveislaranjo.com\/loja\/wp-content\/uploads\/2019\/08\/logogo.png\",\"contentUrl\":\"https:\/\/moveislaranjo.com\/loja\/wp-content\/uploads\/2019\/08\/logogo.png\",\"width\":225,\"height\":225,\"caption\":\"M\u00f3veis Laranjo\"},\"image\":{\"@id\":\"https:\/\/moveislaranjo.com\/loja\/#\/schema\/logo\/image\/\"},\"sameAs\":[\"http:\/\/www.facebook.com\/moveislaranjo\",\"http:\/\/www.instagram.com\/moveislaranjo\"]}]}<\/script>\n<!-- \/ Yoast SEO plugin. -->","yoast_head_json":{"title":"M\u00f3veis Laranjo - Camas","description":"M\u00f3veis Laranjo, a realizar os seus sonhos desde 1970. Somos mais do que uma loja de mobiliario e decora\u00e7\u00f5es, somos autores do seu conforto.","robots":{"index":"index","follow":"follow","max-snippet":"max-snippet:-1","max-image-preview":"max-image-preview:large","max-video-preview":"max-video-preview:-1"},"canonical":"https:\/\/moveislaranjo.com\/loja\/camas\/","og_locale":"pt_PT","og_type":"article","og_title":"M\u00f3veis Laranjo - Camas","og_description":"M\u00f3veis Laranjo, a realizar os seus sonhos desde 1970. Somos mais do que uma loja de mobiliario e decora\u00e7\u00f5es, somos autores do seu conforto.","og_url":"https:\/\/moveislaranjo.com\/loja\/camas\/","og_site_name":"M\u00f3veis Laranjo","article_publisher":"http:\/\/www.facebook.com\/moveislaranjo","article_modified_time":"2020-01-24T17:15:36+00:00","twitter_card":"summary_large_image","schema":{"@context":"https:\/\/schema.org","@graph":[{"@type":"WebPage","@id":"https:\/\/moveislaranjo.com\/loja\/camas\/","url":"https:\/\/moveislaranjo.com\/loja\/camas\/","name":"M\u00f3veis Laranjo - Camas","isPartOf":{"@id":"https:\/\/moveislaranjo.com\/loja\/#website"},"datePublished":"2019-10-15T18:21:06+00:00","dateModified":"2020-01-24T17:15:36+00:00","breadcrumb":{"@id":"https:\/\/moveislaranjo.com\/loja\/camas\/#breadcrumb"},"inLanguage":"pt-PT"},{"@type":"WebSite","@id":"https:\/\/moveislaranjo.com\/loja\/#website","url":"https:\/\/moveislaranjo.com\/loja\/","name":"M\u00f3veis Laranjo","description":"Conforto e Qualidade","publisher":{"@id":"https:\/\/moveislaranjo.com\/loja\/#organization"},"potentialAction":[{"@type":"SearchAction","target":{"@type":"EntryPoint","urlTemplate":"https:\/\/moveislaranjo.com\/loja\/?s={search_term_string}"},"query-input":{"@type":"PropertyValueSpecification","valueRequired":true,"valueName":"search_term_string"}}],"inLanguage":"pt-PT"},{"@type":"Organization","@id":"https:\/\/moveislaranjo.com\/loja\/#organization","name":"M\u00f3veis Laranjo","url":"https:\/\/moveislaranjo.com\/loja\/","logo":{"@type":"ImageObject","inLanguage":"pt-PT","@id":"https:\/\/moveislaranjo.com\/loja\/#\/schema\/logo\/image\/","url":"https:\/\/moveislaranjo.com\/loja\/wp-content\/uploads\/2019\/08\/logogo.png","contentUrl":"https:\/\/moveislaranjo.com\/loja\/wp-content\/uploads\/2019\/08\/logogo.png","width":225,"height":225,"caption":"M\u00f3veis Laranjo"},"image":{"@id":"https:\/\/moveislaranjo.com\/loja\/#\/schema\/logo\/image\/"},"sameAs":["http:\/\/www.facebook.com\/moveislaranjo","http:\/\/www.instagram.com\/moveislaranjo"]}]}},"_links":{"self":[{"href":"https:\/\/moveislaranjo.com\/loja\/wp-json\/wp\/v2\/pages\/492","targetHints":{"allow":["GET"]}}],"collection":[{"href":"https:\/\/moveislaranjo.com\/loja\/wp-json\/wp\/v2\/pages"}],"about":[{"href":"https:\/\/moveislaranjo.com\/loja\/wp-json\/wp\/v2\/types\/page"}],"author":[{"embeddable":true,"href":"https:\/\/moveislaranjo.com\/loja\/wp-json\/wp\/v2\/users\/3"}],"replies":[{"embeddable":true,"href":"https:\/\/moveislaranjo.com\/loja\/wp-json\/wp\/v2\/comments?post=492"}],"version-history":[{"count":2,"href":"https:\/\/moveislaranjo.com\/loja\/wp-json\/wp\/v2\/pages\/492\/revisions"}],"predecessor-version":[{"id":1044,"href":"https:\/\/moveislaranjo.com\/loja\/wp-json\/wp\/v2\/pages\/492\/revisions\/1044"}],"wp:attachment":[{"href":"https:\/\/moveislaranjo.com\/loja\/wp-json\/wp\/v2\/media?parent=492"}],"curies":[{"name":"wp","href":"https:\/\/api.w.org\/{rel}","templated":true}]}}