{"id":144,"date":"2019-08-29T00:38:55","date_gmt":"2019-08-29T00:38:55","guid":{"rendered":"https:\/\/moveislaranjo.com\/loja\/loja\/?page_id=144"},"modified":"2024-06-06T11:39:33","modified_gmt":"2024-06-06T11:39:33","slug":"ambientes","status":"publish","type":"page","link":"https:\/\/moveislaranjo.com\/loja\/ambientes\/","title":{"rendered":"Ambientes"},"content":{"rendered":"\t\t<div data-elementor-type=\"wp-post\" data-elementor-id=\"144\" class=\"elementor elementor-144\">\n\t\t\t\t\t\t<section class=\"elementor-section elementor-top-section elementor-element elementor-element-f6263cc elementor-section-boxed elementor-section-height-default elementor-section-height-default\" data-id=\"f6263cc\" data-element_type=\"section\">\n\t\t\t\t\t\t<div class=\"elementor-container elementor-column-gap-default\">\n\t\t\t\t\t<div class=\"elementor-column elementor-col-33 elementor-top-column elementor-element elementor-element-d83eb4a\" data-id=\"d83eb4a\" data-element_type=\"column\">\n\t\t\t<div class=\"elementor-widget-wrap elementor-element-populated\">\n\t\t\t\t\t\t<div class=\"elementor-element elementor-element-1b36b26 elementor-widget elementor-widget-heading\" data-id=\"1b36b26\" data-element_type=\"widget\" data-widget_type=\"heading.default\">\n\t\t\t\t<div class=\"elementor-widget-container\">\n\t\t\t\t\t<h2 class=\"elementor-heading-title elementor-size-default\"><a href=\"https:\/\/moveislaranjo.com\/loja\/loja\/quartos\/\">QUARTOS<\/a><\/h2>\t\t\t\t<\/div>\n\t\t\t\t<\/div>\n\t\t\t\t<div class=\"elementor-element elementor-element-7db23a4 elementor-widget elementor-widget-image\" data-id=\"7db23a4\" data-element_type=\"widget\" data-widget_type=\"image.default\">\n\t\t\t\t<div class=\"elementor-widget-container\">\n\t\t\t\t\t\t\t\t\t\t\t\t\t\t\t\t<a href=\"https:\/\/moveislaranjo.com\/loja\/loja\/quartos\/\">\n\t\t\t\t\t\t\t<img fetchpriority=\"high\" decoding=\"async\" width=\"2000\" height=\"1290\" src=\"https:\/\/moveislaranjo.com\/loja\/wp-content\/uploads\/2019\/08\/um-1.jpg\" class=\"attachment-full size-full wp-image-273\" alt=\"\" srcset=\"https:\/\/moveislaranjo.com\/loja\/wp-content\/uploads\/2019\/08\/um-1.jpg 2000w, https:\/\/moveislaranjo.com\/loja\/wp-content\/uploads\/2019\/08\/um-1-300x194.jpg 300w, https:\/\/moveislaranjo.com\/loja\/wp-content\/uploads\/2019\/08\/um-1-768x495.jpg 768w, https:\/\/moveislaranjo.com\/loja\/wp-content\/uploads\/2019\/08\/um-1-1024x660.jpg 1024w\" sizes=\"(max-width: 2000px) 100vw, 2000px\" \/>\t\t\t\t\t\t\t\t<\/a>\n\t\t\t\t\t\t\t\t\t\t\t\t\t\t\t<\/div>\n\t\t\t\t<\/div>\n\t\t\t\t\t<\/div>\n\t\t<\/div>\n\t\t\t\t<div class=\"elementor-column elementor-col-33 elementor-top-column elementor-element elementor-element-67b0674\" data-id=\"67b0674\" data-element_type=\"column\">\n\t\t\t<div class=\"elementor-widget-wrap elementor-element-populated\">\n\t\t\t\t\t\t<div class=\"elementor-element elementor-element-19ff14c elementor-widget elementor-widget-heading\" data-id=\"19ff14c\" data-element_type=\"widget\" data-widget_type=\"heading.default\">\n\t\t\t\t<div class=\"elementor-widget-container\">\n\t\t\t\t\t<h2 class=\"elementor-heading-title elementor-size-default\"><a href=\"https:\/\/moveislaranjo.com\/loja\/loja\/salas-de-jantar\/\">SALAS DE JANTAR<\/a><\/h2>\t\t\t\t<\/div>\n\t\t\t\t<\/div>\n\t\t\t\t<div class=\"elementor-element elementor-element-8b8cb7f elementor-widget elementor-widget-image\" data-id=\"8b8cb7f\" data-element_type=\"widget\" data-widget_type=\"image.default\">\n\t\t\t\t<div class=\"elementor-widget-container\">\n\t\t\t\t\t\t\t\t\t\t\t\t\t\t\t\t<a href=\"https:\/\/moveislaranjo.com\/loja\/loja\/salas-de-jantar\/\">\n\t\t\t\t\t\t\t<img decoding=\"async\" width=\"1500\" height=\"800\" src=\"https:\/\/moveislaranjo.com\/loja\/wp-content\/uploads\/2019\/09\/JANTARSALA.jpg\" class=\"attachment-full size-full wp-image-322\" alt=\"\" srcset=\"https:\/\/moveislaranjo.com\/loja\/wp-content\/uploads\/2019\/09\/JANTARSALA.jpg 1500w, https:\/\/moveislaranjo.com\/loja\/wp-content\/uploads\/2019\/09\/JANTARSALA-300x160.jpg 300w, https:\/\/moveislaranjo.com\/loja\/wp-content\/uploads\/2019\/09\/JANTARSALA-768x410.jpg 768w, https:\/\/moveislaranjo.com\/loja\/wp-content\/uploads\/2019\/09\/JANTARSALA-1024x546.jpg 1024w\" sizes=\"(max-width: 1500px) 100vw, 1500px\" \/>\t\t\t\t\t\t\t\t<\/a>\n\t\t\t\t\t\t\t\t\t\t\t\t\t\t\t<\/div>\n\t\t\t\t<\/div>\n\t\t\t\t\t<\/div>\n\t\t<\/div>\n\t\t\t\t<div class=\"elementor-column elementor-col-33 elementor-top-column elementor-element elementor-element-f3aeb91\" data-id=\"f3aeb91\" data-element_type=\"column\">\n\t\t\t<div class=\"elementor-widget-wrap elementor-element-populated\">\n\t\t\t\t\t\t<div class=\"elementor-element elementor-element-bae2f4a elementor-widget elementor-widget-heading\" data-id=\"bae2f4a\" data-element_type=\"widget\" data-widget_type=\"heading.default\">\n\t\t\t\t<div class=\"elementor-widget-container\">\n\t\t\t\t\t<h2 class=\"elementor-heading-title elementor-size-default\"><a href=\"https:\/\/moveislaranjo.com\/loja\/loja\/salas-de-estar\/\">SALAS DE ESTAR<\/a><\/h2>\t\t\t\t<\/div>\n\t\t\t\t<\/div>\n\t\t\t\t<div class=\"elementor-element elementor-element-d6111aa elementor-widget elementor-widget-image\" data-id=\"d6111aa\" data-element_type=\"widget\" data-widget_type=\"image.default\">\n\t\t\t\t<div class=\"elementor-widget-container\">\n\t\t\t\t\t\t\t\t\t\t\t\t\t\t\t\t<a href=\"https:\/\/moveislaranjo.com\/loja\/loja\/salas-de-estar\/\">\n\t\t\t\t\t\t\t<img decoding=\"async\" width=\"600\" height=\"419\" src=\"https:\/\/moveislaranjo.com\/loja\/wp-content\/uploads\/2019\/09\/SALADEESTAR.jpg\" class=\"attachment-full size-full wp-image-323\" alt=\"\" srcset=\"https:\/\/moveislaranjo.com\/loja\/wp-content\/uploads\/2019\/09\/SALADEESTAR.jpg 600w, https:\/\/moveislaranjo.com\/loja\/wp-content\/uploads\/2019\/09\/SALADEESTAR-300x210.jpg 300w\" sizes=\"(max-width: 600px) 100vw, 600px\" \/>\t\t\t\t\t\t\t\t<\/a>\n\t\t\t\t\t\t\t\t\t\t\t\t\t\t\t<\/div>\n\t\t\t\t<\/div>\n\t\t\t\t\t<\/div>\n\t\t<\/div>\n\t\t\t\t\t<\/div>\n\t\t<\/section>\n\t\t\t\t<section class=\"elementor-section elementor-top-section elementor-element elementor-element-6e6e900 elementor-section-boxed elementor-section-height-default elementor-section-height-default\" data-id=\"6e6e900\" data-element_type=\"section\">\n\t\t\t\t\t\t<div class=\"elementor-container elementor-column-gap-default\">\n\t\t\t\t\t<div class=\"elementor-column elementor-col-33 elementor-top-column elementor-element elementor-element-9d231bc\" data-id=\"9d231bc\" data-element_type=\"column\">\n\t\t\t<div class=\"elementor-widget-wrap elementor-element-populated\">\n\t\t\t\t\t\t<div class=\"elementor-element elementor-element-5be6325 elementor-widget elementor-widget-heading\" data-id=\"5be6325\" data-element_type=\"widget\" data-widget_type=\"heading.default\">\n\t\t\t\t<div class=\"elementor-widget-container\">\n\t\t\t\t\t<h2 class=\"elementor-heading-title elementor-size-default\"><a href=\"https:\/\/moveislaranjo.com\/loja\/loja\/cozinhas\/\">COZINHAS<\/a><\/h2>\t\t\t\t<\/div>\n\t\t\t\t<\/div>\n\t\t\t\t<div class=\"elementor-element elementor-element-b7cad29 elementor-widget elementor-widget-image\" data-id=\"b7cad29\" data-element_type=\"widget\" data-widget_type=\"image.default\">\n\t\t\t\t<div class=\"elementor-widget-container\">\n\t\t\t\t\t\t\t\t\t\t\t\t\t\t\t\t<a href=\"https:\/\/moveislaranjo.com\/loja\/loja\/cozinhas\/\">\n\t\t\t\t\t\t\t<img loading=\"lazy\" decoding=\"async\" width=\"1024\" height=\"606\" src=\"https:\/\/moveislaranjo.com\/loja\/wp-content\/uploads\/2019\/09\/Cozinha-Design.jpg\" class=\"attachment-full size-full wp-image-327\" alt=\"\" srcset=\"https:\/\/moveislaranjo.com\/loja\/wp-content\/uploads\/2019\/09\/Cozinha-Design.jpg 1024w, https:\/\/moveislaranjo.com\/loja\/wp-content\/uploads\/2019\/09\/Cozinha-Design-300x178.jpg 300w, https:\/\/moveislaranjo.com\/loja\/wp-content\/uploads\/2019\/09\/Cozinha-Design-768x455.jpg 768w\" sizes=\"(max-width: 1024px) 100vw, 1024px\" \/>\t\t\t\t\t\t\t\t<\/a>\n\t\t\t\t\t\t\t\t\t\t\t\t\t\t\t<\/div>\n\t\t\t\t<\/div>\n\t\t\t\t\t<\/div>\n\t\t<\/div>\n\t\t\t\t<div class=\"elementor-column elementor-col-33 elementor-top-column elementor-element elementor-element-0a07933\" data-id=\"0a07933\" data-element_type=\"column\">\n\t\t\t<div class=\"elementor-widget-wrap elementor-element-populated\">\n\t\t\t\t\t\t<div class=\"elementor-element elementor-element-b43b59f elementor-widget elementor-widget-heading\" data-id=\"b43b59f\" data-element_type=\"widget\" data-widget_type=\"heading.default\">\n\t\t\t\t<div class=\"elementor-widget-container\">\n\t\t\t\t\t<h2 class=\"elementor-heading-title elementor-size-default\"><a href=\"https:\/\/moveislaranjo.com\/loja\/loja\/escritorios\/\">ESCRIT\u00d3RIOS<\/a><\/h2>\t\t\t\t<\/div>\n\t\t\t\t<\/div>\n\t\t\t\t<div class=\"elementor-element elementor-element-a53afa7 elementor-widget elementor-widget-image\" data-id=\"a53afa7\" data-element_type=\"widget\" data-widget_type=\"image.default\">\n\t\t\t\t<div class=\"elementor-widget-container\">\n\t\t\t\t\t\t\t\t\t\t\t\t\t\t\t\t<a href=\"https:\/\/moveislaranjo.com\/loja\/loja\/escritorios\/\">\n\t\t\t\t\t\t\t<img loading=\"lazy\" decoding=\"async\" width=\"624\" height=\"363\" src=\"https:\/\/moveislaranjo.com\/loja\/wp-content\/uploads\/2019\/09\/ESCRITORIO.WPP_.jpg\" class=\"attachment-full size-full wp-image-326\" alt=\"\" srcset=\"https:\/\/moveislaranjo.com\/loja\/wp-content\/uploads\/2019\/09\/ESCRITORIO.WPP_.jpg 624w, https:\/\/moveislaranjo.com\/loja\/wp-content\/uploads\/2019\/09\/ESCRITORIO.WPP_-300x175.jpg 300w\" sizes=\"(max-width: 624px) 100vw, 624px\" \/>\t\t\t\t\t\t\t\t<\/a>\n\t\t\t\t\t\t\t\t\t\t\t\t\t\t\t<\/div>\n\t\t\t\t<\/div>\n\t\t\t\t\t<\/div>\n\t\t<\/div>\n\t\t\t\t<div class=\"elementor-column elementor-col-33 elementor-top-column elementor-element elementor-element-643a7fe\" data-id=\"643a7fe\" data-element_type=\"column\">\n\t\t\t<div class=\"elementor-widget-wrap elementor-element-populated\">\n\t\t\t\t\t\t<div class=\"elementor-element elementor-element-e07aa66 elementor-widget elementor-widget-heading\" data-id=\"e07aa66\" data-element_type=\"widget\" data-widget_type=\"heading.default\">\n\t\t\t\t<div class=\"elementor-widget-container\">\n\t\t\t\t\t<h2 class=\"elementor-heading-title elementor-size-default\"><a href=\"https:\/\/moveislaranjo.com\/loja\/loja\/hall\/\">HALL<\/a><\/h2>\t\t\t\t<\/div>\n\t\t\t\t<\/div>\n\t\t\t\t<div class=\"elementor-element elementor-element-af57538 elementor-widget elementor-widget-image\" data-id=\"af57538\" data-element_type=\"widget\" data-widget_type=\"image.default\">\n\t\t\t\t<div class=\"elementor-widget-container\">\n\t\t\t\t\t\t\t\t\t\t\t\t\t\t\t\t<a href=\"https:\/\/moveislaranjo.com\/loja\/loja\/hall\/\">\n\t\t\t\t\t\t\t<img loading=\"lazy\" decoding=\"async\" width=\"640\" height=\"453\" src=\"https:\/\/moveislaranjo.com\/loja\/wp-content\/uploads\/2019\/09\/Madrid.jpg\" class=\"attachment-full size-full wp-image-328\" alt=\"\" srcset=\"https:\/\/moveislaranjo.com\/loja\/wp-content\/uploads\/2019\/09\/Madrid.jpg 640w, https:\/\/moveislaranjo.com\/loja\/wp-content\/uploads\/2019\/09\/Madrid-300x212.jpg 300w\" sizes=\"(max-width: 640px) 100vw, 640px\" \/>\t\t\t\t\t\t\t\t<\/a>\n\t\t\t\t\t\t\t\t\t\t\t\t\t\t\t<\/div>\n\t\t\t\t<\/div>\n\t\t\t\t\t<\/div>\n\t\t<\/div>\n\t\t\t\t\t<\/div>\n\t\t<\/section>\n\t\t\t\t<\/div>\n\t\t","protected":false},"excerpt":{"rendered":"<p>QUARTOS SALAS DE JANTAR SALAS DE ESTAR COZINHAS ESCRIT\u00d3RIOS HALL<\/p>\n","protected":false},"author":3,"featured_media":0,"parent":0,"menu_order":0,"comment_status":"closed","ping_status":"closed","template":"elementor_header_footer","meta":{"ocean_post_layout":"","ocean_both_sidebars_style":"","ocean_both_sidebars_content_width":0,"ocean_both_sidebars_sidebars_width":0,"ocean_sidebar":"0","ocean_second_sidebar":"0","ocean_disable_margins":"enable","ocean_add_body_class":"","ocean_shortcode_before_top_bar":"","ocean_shortcode_after_top_bar":"","ocean_shortcode_before_header":"","ocean_shortcode_after_header":"","ocean_has_shortcode":"","ocean_shortcode_after_title":"","ocean_shortcode_before_footer_widgets":"","ocean_shortcode_after_footer_widgets":"","ocean_shortcode_before_footer_bottom":"","ocean_shortcode_after_footer_bottom":"","ocean_display_top_bar":"default","ocean_display_header":"default","ocean_header_style":"","ocean_center_header_left_menu":"0","ocean_custom_header_template":"0","ocean_custom_logo":0,"ocean_custom_retina_logo":0,"ocean_custom_logo_max_width":0,"ocean_custom_logo_tablet_max_width":0,"ocean_custom_logo_mobile_max_width":0,"ocean_custom_logo_max_height":0,"ocean_custom_logo_tablet_max_height":0,"ocean_custom_logo_mobile_max_height":0,"ocean_header_custom_menu":"0","ocean_menu_typo_font_family":"0","ocean_menu_typo_font_subset":"","ocean_menu_typo_font_size":0,"ocean_menu_typo_font_size_tablet":0,"ocean_menu_typo_font_size_mobile":0,"ocean_menu_typo_font_size_unit":"px","ocean_menu_typo_font_weight":"","ocean_menu_typo_font_weight_tablet":"","ocean_menu_typo_font_weight_mobile":"","ocean_menu_typo_transform":"","ocean_menu_typo_transform_tablet":"","ocean_menu_typo_transform_mobile":"","ocean_menu_typo_line_height":0,"ocean_menu_typo_line_height_tablet":0,"ocean_menu_typo_line_height_mobile":0,"ocean_menu_typo_line_height_unit":"","ocean_menu_typo_spacing":0,"ocean_menu_typo_spacing_tablet":0,"ocean_menu_typo_spacing_mobile":0,"ocean_menu_typo_spacing_unit":"","ocean_menu_link_color":"","ocean_menu_link_color_hover":"","ocean_menu_link_color_active":"","ocean_menu_link_background":"","ocean_menu_link_hover_background":"","ocean_menu_link_active_background":"","ocean_menu_social_links_bg":"","ocean_menu_social_hover_links_bg":"","ocean_menu_social_links_color":"","ocean_menu_social_hover_links_color":"","ocean_disable_title":"default","ocean_disable_heading":"default","ocean_post_title":"","ocean_post_subheading":"","ocean_post_title_style":"","ocean_post_title_background_color":"","ocean_post_title_background":0,"ocean_post_title_bg_image_position":"","ocean_post_title_bg_image_attachment":"","ocean_post_title_bg_image_repeat":"","ocean_post_title_bg_image_size":"","ocean_post_title_height":0,"ocean_post_title_bg_overlay":0.5,"ocean_post_title_bg_overlay_color":"","ocean_disable_breadcrumbs":"default","ocean_breadcrumbs_color":"","ocean_breadcrumbs_separator_color":"","ocean_breadcrumbs_links_color":"","ocean_breadcrumbs_links_hover_color":"","ocean_display_footer_widgets":"default","ocean_display_footer_bottom":"default","ocean_custom_footer_template":"0","footnotes":""},"class_list":["post-144","page","type-page","status-publish","hentry","entry"],"yoast_head":"<!-- This site is optimized with the Yoast SEO plugin v24.1 - https:\/\/yoast.com\/wordpress\/plugins\/seo\/ -->\n<title>M\u00f3veis Laranjo - Ambientes<\/title>\n<meta name=\"description\" content=\"M\u00f3veis Laranjo, a realizar os seus sonhos desde 1970. Somos mais do que uma loja de mobiliario e decora\u00e7\u00f5es, somos autores do seu conforto.\" \/>\n<meta name=\"robots\" content=\"index, follow, max-snippet:-1, max-image-preview:large, max-video-preview:-1\" \/>\n<link rel=\"canonical\" href=\"https:\/\/moveislaranjo.com\/loja\/ambientes\/\" \/>\n<meta property=\"og:locale\" content=\"pt_PT\" \/>\n<meta property=\"og:type\" content=\"article\" \/>\n<meta property=\"og:title\" content=\"M\u00f3veis Laranjo - Ambientes\" \/>\n<meta property=\"og:description\" content=\"M\u00f3veis Laranjo, a realizar os seus sonhos desde 1970. Somos mais do que uma loja de mobiliario e decora\u00e7\u00f5es, somos autores do seu conforto.\" \/>\n<meta property=\"og:url\" content=\"https:\/\/moveislaranjo.com\/loja\/ambientes\/\" \/>\n<meta property=\"og:site_name\" content=\"M\u00f3veis Laranjo\" \/>\n<meta property=\"article:publisher\" content=\"http:\/\/www.facebook.com\/moveislaranjo\" \/>\n<meta property=\"article:modified_time\" content=\"2024-06-06T11:39:33+00:00\" \/>\n<meta property=\"og:image\" content=\"https:\/\/moveislaranjo.com\/loja\/wp-content\/uploads\/2019\/08\/um-1.jpg\" \/>\n<meta name=\"twitter:card\" content=\"summary_large_image\" \/>\n<meta name=\"twitter:label1\" content=\"Tempo estimado de leitura\" \/>\n\t<meta name=\"twitter:data1\" content=\"2 minutos\" \/>\n<script type=\"application\/ld+json\" class=\"yoast-schema-graph\">{\"@context\":\"https:\/\/schema.org\",\"@graph\":[{\"@type\":\"WebPage\",\"@id\":\"https:\/\/moveislaranjo.com\/loja\/ambientes\/\",\"url\":\"https:\/\/moveislaranjo.com\/loja\/ambientes\/\",\"name\":\"M\u00f3veis Laranjo - Ambientes\",\"isPartOf\":{\"@id\":\"https:\/\/moveislaranjo.com\/loja\/#website\"},\"primaryImageOfPage\":{\"@id\":\"https:\/\/moveislaranjo.com\/loja\/ambientes\/#primaryimage\"},\"image\":{\"@id\":\"https:\/\/moveislaranjo.com\/loja\/ambientes\/#primaryimage\"},\"thumbnailUrl\":\"https:\/\/moveislaranjo.com\/loja\/wp-content\/uploads\/2019\/08\/um-1.jpg\",\"datePublished\":\"2019-08-29T00:38:55+00:00\",\"dateModified\":\"2024-06-06T11:39:33+00:00\",\"description\":\"M\u00f3veis Laranjo, a realizar os seus sonhos desde 1970. Somos mais do que uma loja de mobiliario e decora\u00e7\u00f5es, somos autores do seu conforto.\",\"breadcrumb\":{\"@id\":\"https:\/\/moveislaranjo.com\/loja\/ambientes\/#breadcrumb\"},\"inLanguage\":\"pt-PT\",\"potentialAction\":[{\"@type\":\"ReadAction\",\"target\":[\"https:\/\/moveislaranjo.com\/loja\/ambientes\/\"]}]},{\"@type\":\"ImageObject\",\"inLanguage\":\"pt-PT\",\"@id\":\"https:\/\/moveislaranjo.com\/loja\/ambientes\/#primaryimage\",\"url\":\"https:\/\/moveislaranjo.com\/loja\/wp-content\/uploads\/2019\/08\/um-1.jpg\",\"contentUrl\":\"https:\/\/moveislaranjo.com\/loja\/wp-content\/uploads\/2019\/08\/um-1.jpg\",\"width\":2000,\"height\":1290},{\"@type\":\"BreadcrumbList\",\"@id\":\"https:\/\/moveislaranjo.com\/loja\/ambientes\/#breadcrumb\",\"itemListElement\":[{\"@type\":\"ListItem\",\"position\":1,\"name\":\"In\u00edcio\",\"item\":\"https:\/\/moveislaranjo.com\/loja\/\"},{\"@type\":\"ListItem\",\"position\":2,\"name\":\"Ambientes\"}]},{\"@type\":\"WebSite\",\"@id\":\"https:\/\/moveislaranjo.com\/loja\/#website\",\"url\":\"https:\/\/moveislaranjo.com\/loja\/\",\"name\":\"M\u00f3veis Laranjo\",\"description\":\"Conforto e Qualidade\",\"publisher\":{\"@id\":\"https:\/\/moveislaranjo.com\/loja\/#organization\"},\"potentialAction\":[{\"@type\":\"SearchAction\",\"target\":{\"@type\":\"EntryPoint\",\"urlTemplate\":\"https:\/\/moveislaranjo.com\/loja\/?s={search_term_string}\"},\"query-input\":{\"@type\":\"PropertyValueSpecification\",\"valueRequired\":true,\"valueName\":\"search_term_string\"}}],\"inLanguage\":\"pt-PT\"},{\"@type\":\"Organization\",\"@id\":\"https:\/\/moveislaranjo.com\/loja\/#organization\",\"name\":\"M\u00f3veis Laranjo\",\"url\":\"https:\/\/moveislaranjo.com\/loja\/\",\"logo\":{\"@type\":\"ImageObject\",\"inLanguage\":\"pt-PT\",\"@id\":\"https:\/\/moveislaranjo.com\/loja\/#\/schema\/logo\/image\/\",\"url\":\"https:\/\/moveislaranjo.com\/loja\/wp-content\/uploads\/2019\/08\/logogo.png\",\"contentUrl\":\"https:\/\/moveislaranjo.com\/loja\/wp-content\/uploads\/2019\/08\/logogo.png\",\"width\":225,\"height\":225,\"caption\":\"M\u00f3veis Laranjo\"},\"image\":{\"@id\":\"https:\/\/moveislaranjo.com\/loja\/#\/schema\/logo\/image\/\"},\"sameAs\":[\"http:\/\/www.facebook.com\/moveislaranjo\",\"http:\/\/www.instagram.com\/moveislaranjo\"]}]}<\/script>\n<!-- \/ Yoast SEO plugin. -->","yoast_head_json":{"title":"M\u00f3veis Laranjo - Ambientes","description":"M\u00f3veis Laranjo, a realizar os seus sonhos desde 1970. Somos mais do que uma loja de mobiliario e decora\u00e7\u00f5es, somos autores do seu conforto.","robots":{"index":"index","follow":"follow","max-snippet":"max-snippet:-1","max-image-preview":"max-image-preview:large","max-video-preview":"max-video-preview:-1"},"canonical":"https:\/\/moveislaranjo.com\/loja\/ambientes\/","og_locale":"pt_PT","og_type":"article","og_title":"M\u00f3veis Laranjo - Ambientes","og_description":"M\u00f3veis Laranjo, a realizar os seus sonhos desde 1970. Somos mais do que uma loja de mobiliario e decora\u00e7\u00f5es, somos autores do seu conforto.","og_url":"https:\/\/moveislaranjo.com\/loja\/ambientes\/","og_site_name":"M\u00f3veis Laranjo","article_publisher":"http:\/\/www.facebook.com\/moveislaranjo","article_modified_time":"2024-06-06T11:39:33+00:00","og_image":[{"url":"https:\/\/moveislaranjo.com\/loja\/wp-content\/uploads\/2019\/08\/um-1.jpg","type":"","width":"","height":""}],"twitter_card":"summary_large_image","twitter_misc":{"Tempo estimado de leitura":"2 minutos"},"schema":{"@context":"https:\/\/schema.org","@graph":[{"@type":"WebPage","@id":"https:\/\/moveislaranjo.com\/loja\/ambientes\/","url":"https:\/\/moveislaranjo.com\/loja\/ambientes\/","name":"M\u00f3veis Laranjo - Ambientes","isPartOf":{"@id":"https:\/\/moveislaranjo.com\/loja\/#website"},"primaryImageOfPage":{"@id":"https:\/\/moveislaranjo.com\/loja\/ambientes\/#primaryimage"},"image":{"@id":"https:\/\/moveislaranjo.com\/loja\/ambientes\/#primaryimage"},"thumbnailUrl":"https:\/\/moveislaranjo.com\/loja\/wp-content\/uploads\/2019\/08\/um-1.jpg","datePublished":"2019-08-29T00:38:55+00:00","dateModified":"2024-06-06T11:39:33+00:00","description":"M\u00f3veis Laranjo, a realizar os seus sonhos desde 1970. Somos mais do que uma loja de mobiliario e decora\u00e7\u00f5es, somos autores do seu conforto.","breadcrumb":{"@id":"https:\/\/moveislaranjo.com\/loja\/ambientes\/#breadcrumb"},"inLanguage":"pt-PT","potentialAction":[{"@type":"ReadAction","target":["https:\/\/moveislaranjo.com\/loja\/ambientes\/"]}]},{"@type":"ImageObject","inLanguage":"pt-PT","@id":"https:\/\/moveislaranjo.com\/loja\/ambientes\/#primaryimage","url":"https:\/\/moveislaranjo.com\/loja\/wp-content\/uploads\/2019\/08\/um-1.jpg","contentUrl":"https:\/\/moveislaranjo.com\/loja\/wp-content\/uploads\/2019\/08\/um-1.jpg","width":2000,"height":1290},{"@type":"BreadcrumbList","@id":"https:\/\/moveislaranjo.com\/loja\/ambientes\/#breadcrumb","itemListElement":[{"@type":"ListItem","position":1,"name":"In\u00edcio","item":"https:\/\/moveislaranjo.com\/loja\/"},{"@type":"ListItem","position":2,"name":"Ambientes"}]},{"@type":"WebSite","@id":"https:\/\/moveislaranjo.com\/loja\/#website","url":"https:\/\/moveislaranjo.com\/loja\/","name":"M\u00f3veis Laranjo","description":"Conforto e Qualidade","publisher":{"@id":"https:\/\/moveislaranjo.com\/loja\/#organization"},"potentialAction":[{"@type":"SearchAction","target":{"@type":"EntryPoint","urlTemplate":"https:\/\/moveislaranjo.com\/loja\/?s={search_term_string}"},"query-input":{"@type":"PropertyValueSpecification","valueRequired":true,"valueName":"search_term_string"}}],"inLanguage":"pt-PT"},{"@type":"Organization","@id":"https:\/\/moveislaranjo.com\/loja\/#organization","name":"M\u00f3veis Laranjo","url":"https:\/\/moveislaranjo.com\/loja\/","logo":{"@type":"ImageObject","inLanguage":"pt-PT","@id":"https:\/\/moveislaranjo.com\/loja\/#\/schema\/logo\/image\/","url":"https:\/\/moveislaranjo.com\/loja\/wp-content\/uploads\/2019\/08\/logogo.png","contentUrl":"https:\/\/moveislaranjo.com\/loja\/wp-content\/uploads\/2019\/08\/logogo.png","width":225,"height":225,"caption":"M\u00f3veis Laranjo"},"image":{"@id":"https:\/\/moveislaranjo.com\/loja\/#\/schema\/logo\/image\/"},"sameAs":["http:\/\/www.facebook.com\/moveislaranjo","http:\/\/www.instagram.com\/moveislaranjo"]}]}},"_links":{"self":[{"href":"https:\/\/moveislaranjo.com\/loja\/wp-json\/wp\/v2\/pages\/144","targetHints":{"allow":["GET"]}}],"collection":[{"href":"https:\/\/moveislaranjo.com\/loja\/wp-json\/wp\/v2\/pages"}],"about":[{"href":"https:\/\/moveislaranjo.com\/loja\/wp-json\/wp\/v2\/types\/page"}],"author":[{"embeddable":true,"href":"https:\/\/moveislaranjo.com\/loja\/wp-json\/wp\/v2\/users\/3"}],"replies":[{"embeddable":true,"href":"https:\/\/moveislaranjo.com\/loja\/wp-json\/wp\/v2\/comments?post=144"}],"version-history":[{"count":23,"href":"https:\/\/moveislaranjo.com\/loja\/wp-json\/wp\/v2\/pages\/144\/revisions"}],"predecessor-version":[{"id":1388,"href":"https:\/\/moveislaranjo.com\/loja\/wp-json\/wp\/v2\/pages\/144\/revisions\/1388"}],"wp:attachment":[{"href":"https:\/\/moveislaranjo.com\/loja\/wp-json\/wp\/v2\/media?parent=144"}],"curies":[{"name":"wp","href":"https:\/\/api.w.org\/{rel}","templated":true}]}}