{"id":5928,"date":"2023-12-11T23:19:31","date_gmt":"2023-12-11T23:19:31","guid":{"rendered":"https:\/\/moveislaranjo.com\/loja-online\/?post_type=product&#038;p=5928"},"modified":"2023-12-11T23:21:35","modified_gmt":"2023-12-11T23:21:35","slug":"colchao-lusocolchao-rollortopedico","status":"publish","type":"product","link":"https:\/\/moveislaranjo.com\/loja-online\/produtos\/colchao-lusocolchao-rollortopedico\/","title":{"rendered":"Colch\u00e3o LUSOCOLCH\u00c3O Rollortop\u00e9dico"},"content":{"rendered":"<p><a href=\"https:\/\/moveislaranjo.com\/loja-online\/wp-content\/uploads\/2023\/11\/ROLLORTOPEDICO-scaled.jpg\"><img fetchpriority=\"high\" decoding=\"async\" class=\"alignnone wp-image-4155 size-full\" src=\"https:\/\/moveislaranjo.com\/loja-online\/wp-content\/uploads\/2023\/11\/ROLLORTOPEDICO-scaled.jpg\" alt=\"\" width=\"2292\" height=\"2560\" srcset=\"https:\/\/moveislaranjo.com\/loja-online\/wp-content\/uploads\/2023\/11\/ROLLORTOPEDICO-scaled.jpg 2292w, https:\/\/moveislaranjo.com\/loja-online\/wp-content\/uploads\/2023\/11\/ROLLORTOPEDICO-scaled-800x894.jpg 800w, https:\/\/moveislaranjo.com\/loja-online\/wp-content\/uploads\/2023\/11\/ROLLORTOPEDICO-scaled-700x782.jpg 700w, https:\/\/moveislaranjo.com\/loja-online\/wp-content\/uploads\/2023\/11\/ROLLORTOPEDICO-scaled-64x71.jpg 64w, https:\/\/moveislaranjo.com\/loja-online\/wp-content\/uploads\/2023\/11\/ROLLORTOPEDICO-1375x1536.jpg 1375w, https:\/\/moveislaranjo.com\/loja-online\/wp-content\/uploads\/2023\/11\/ROLLORTOPEDICO-1834x2048.jpg 1834w\" sizes=\"(max-width: 2292px) 100vw, 2292px\" \/><\/a><\/p>\n","protected":false},"excerpt":{"rendered":"<p><span style=\"color: #ff6500;\"><strong>Disponibilidade:<\/strong><\/span> Entrega estimada entre 10 a 15 dias \u2705<\/p>\n","protected":false},"featured_media":4156,"comment_status":"closed","ping_status":"closed","template":"","meta":{"_kad_post_transparent":"default","_kad_post_title":"","_kad_post_layout":"default","_kad_post_sidebar_id":"","_kad_post_content_style":"default","_kad_post_vertical_padding":"default","_kad_post_feature":"","_kad_post_feature_position":"","_kad_post_header":false,"_kad_post_footer":false},"product_brand":[],"product_cat":[17,30,94],"product_tag":[],"class_list":{"0":"post-5928","1":"product","2":"type-product","3":"status-publish","4":"has-post-thumbnail","6":"product_cat-todos","7":"product_cat-colchoes","8":"product_cat-lusocolchao","10":"first","11":"instock","12":"taxable","13":"shipping-taxable","14":"purchasable","15":"product-type-variable","16":"entry","17":"content-bg","18":"loop-entry"},"yoast_head":"<!-- This site is optimized with the Yoast SEO plugin v23.7 - https:\/\/yoast.com\/wordpress\/plugins\/seo\/ -->\n<title>Colch\u00e3o LUSOCOLCH\u00c3O Rollortop\u00e9dico - M\u00f3veis Laranjo<\/title>\n<meta name=\"robots\" content=\"index, follow, max-snippet:-1, max-image-preview:large, max-video-preview:-1\" \/>\n<link rel=\"canonical\" href=\"https:\/\/moveislaranjo.com\/loja-online\/produtos\/colchao-lusocolchao-rollortopedico\/\" \/>\n<meta property=\"og:locale\" content=\"pt_PT\" \/>\n<meta property=\"og:type\" content=\"article\" \/>\n<meta property=\"og:title\" content=\"Colch\u00e3o LUSOCOLCH\u00c3O Rollortop\u00e9dico - M\u00f3veis Laranjo\" \/>\n<meta property=\"og:description\" content=\"Disponibilidade: Entrega estimada entre 10 a 15 dias \u2705\" \/>\n<meta property=\"og:url\" content=\"https:\/\/moveislaranjo.com\/loja-online\/produtos\/colchao-lusocolchao-rollortopedico\/\" \/>\n<meta property=\"og:site_name\" content=\"M\u00f3veis Laranjo\" \/>\n<meta property=\"article:publisher\" content=\"https:\/\/www.facebook.com\/moveislaranjo\" \/>\n<meta property=\"article:modified_time\" content=\"2023-12-11T23:21:35+00:00\" \/>\n<meta property=\"og:image\" content=\"https:\/\/moveislaranjo.com\/loja-online\/wp-content\/uploads\/2023\/11\/Rollortopedico_.png\" \/>\n\t<meta property=\"og:image:width\" content=\"1526\" \/>\n\t<meta property=\"og:image:height\" content=\"749\" \/>\n\t<meta property=\"og:image:type\" content=\"image\/png\" \/>\n<meta name=\"twitter:card\" content=\"summary_large_image\" \/>\n<meta name=\"twitter:site\" content=\"@moveislaranjo\" \/>\n<meta name=\"twitter:label1\" content=\"Tempo estimado de leitura\" \/>\n\t<meta name=\"twitter:data1\" content=\"1 minuto\" \/>\n<script type=\"application\/ld+json\" class=\"yoast-schema-graph\">{\"@context\":\"https:\/\/schema.org\",\"@graph\":[{\"@type\":\"WebPage\",\"@id\":\"https:\/\/moveislaranjo.com\/loja-online\/produtos\/colchao-lusocolchao-rollortopedico\/\",\"url\":\"https:\/\/moveislaranjo.com\/loja-online\/produtos\/colchao-lusocolchao-rollortopedico\/\",\"name\":\"Colch\u00e3o LUSOCOLCH\u00c3O Rollortop\u00e9dico - M\u00f3veis Laranjo\",\"isPartOf\":{\"@id\":\"https:\/\/moveislaranjo.com\/loja-online\/#website\"},\"primaryImageOfPage\":{\"@id\":\"https:\/\/moveislaranjo.com\/loja-online\/produtos\/colchao-lusocolchao-rollortopedico\/#primaryimage\"},\"image\":{\"@id\":\"https:\/\/moveislaranjo.com\/loja-online\/produtos\/colchao-lusocolchao-rollortopedico\/#primaryimage\"},\"thumbnailUrl\":\"https:\/\/moveislaranjo.com\/loja-online\/wp-content\/uploads\/2023\/11\/Rollortopedico_.png\",\"datePublished\":\"2023-12-11T23:19:31+00:00\",\"dateModified\":\"2023-12-11T23:21:35+00:00\",\"breadcrumb\":{\"@id\":\"https:\/\/moveislaranjo.com\/loja-online\/produtos\/colchao-lusocolchao-rollortopedico\/#breadcrumb\"},\"inLanguage\":\"pt-PT\",\"potentialAction\":[{\"@type\":\"ReadAction\",\"target\":[\"https:\/\/moveislaranjo.com\/loja-online\/produtos\/colchao-lusocolchao-rollortopedico\/\"]}]},{\"@type\":\"ImageObject\",\"inLanguage\":\"pt-PT\",\"@id\":\"https:\/\/moveislaranjo.com\/loja-online\/produtos\/colchao-lusocolchao-rollortopedico\/#primaryimage\",\"url\":\"https:\/\/moveislaranjo.com\/loja-online\/wp-content\/uploads\/2023\/11\/Rollortopedico_.png\",\"contentUrl\":\"https:\/\/moveislaranjo.com\/loja-online\/wp-content\/uploads\/2023\/11\/Rollortopedico_.png\",\"width\":1526,\"height\":749},{\"@type\":\"BreadcrumbList\",\"@id\":\"https:\/\/moveislaranjo.com\/loja-online\/produtos\/colchao-lusocolchao-rollortopedico\/#breadcrumb\",\"itemListElement\":[{\"@type\":\"ListItem\",\"position\":1,\"name\":\"In\u00edcio\",\"item\":\"https:\/\/moveislaranjo.com\/loja-online\/\"},{\"@type\":\"ListItem\",\"position\":2,\"name\":\"Loja\",\"item\":\"https:\/\/moveislaranjo.com\/loja-online\/produtos\/\"},{\"@type\":\"ListItem\",\"position\":3,\"name\":\"Colch\u00e3o LUSOCOLCH\u00c3O Rollortop\u00e9dico\"}]},{\"@type\":\"WebSite\",\"@id\":\"https:\/\/moveislaranjo.com\/loja-online\/#website\",\"url\":\"https:\/\/moveislaranjo.com\/loja-online\/\",\"name\":\"M\u00f3veis Laranjo\",\"description\":\"Loja Online\",\"publisher\":{\"@id\":\"https:\/\/moveislaranjo.com\/loja-online\/#organization\"},\"potentialAction\":[{\"@type\":\"SearchAction\",\"target\":{\"@type\":\"EntryPoint\",\"urlTemplate\":\"https:\/\/moveislaranjo.com\/loja-online\/?s={search_term_string}\"},\"query-input\":{\"@type\":\"PropertyValueSpecification\",\"valueRequired\":true,\"valueName\":\"search_term_string\"}}],\"inLanguage\":\"pt-PT\"},{\"@type\":\"Organization\",\"@id\":\"https:\/\/moveislaranjo.com\/loja-online\/#organization\",\"name\":\"M\u00f3veis Laranjo\",\"url\":\"https:\/\/moveislaranjo.com\/loja-online\/\",\"logo\":{\"@type\":\"ImageObject\",\"inLanguage\":\"pt-PT\",\"@id\":\"https:\/\/moveislaranjo.com\/loja-online\/#\/schema\/logo\/image\/\",\"url\":\"https:\/\/moveislaranjo.com\/loja-online\/wp-content\/uploads\/2022\/02\/logocordelaranja.png\",\"contentUrl\":\"https:\/\/moveislaranjo.com\/loja-online\/wp-content\/uploads\/2022\/02\/logocordelaranja.png\",\"width\":4505,\"height\":1440,\"caption\":\"M\u00f3veis Laranjo\"},\"image\":{\"@id\":\"https:\/\/moveislaranjo.com\/loja-online\/#\/schema\/logo\/image\/\"},\"sameAs\":[\"https:\/\/www.facebook.com\/moveislaranjo\",\"https:\/\/x.com\/moveislaranjo\",\"https:\/\/www.instagram.com\/moveislaranjo\",\"https:\/\/linkedin.com\/company\/moveislaranjo\",\"https:\/\/www.youtube.com\/@moveislaranjo\"]}]}<\/script>\n<!-- \/ Yoast SEO plugin. -->","yoast_head_json":{"title":"Colch\u00e3o LUSOCOLCH\u00c3O Rollortop\u00e9dico - M\u00f3veis Laranjo","robots":{"index":"index","follow":"follow","max-snippet":"max-snippet:-1","max-image-preview":"max-image-preview:large","max-video-preview":"max-video-preview:-1"},"canonical":"https:\/\/moveislaranjo.com\/loja-online\/produtos\/colchao-lusocolchao-rollortopedico\/","og_locale":"pt_PT","og_type":"article","og_title":"Colch\u00e3o LUSOCOLCH\u00c3O Rollortop\u00e9dico - M\u00f3veis Laranjo","og_description":"Disponibilidade: Entrega estimada entre 10 a 15 dias \u2705","og_url":"https:\/\/moveislaranjo.com\/loja-online\/produtos\/colchao-lusocolchao-rollortopedico\/","og_site_name":"M\u00f3veis Laranjo","article_publisher":"https:\/\/www.facebook.com\/moveislaranjo","article_modified_time":"2023-12-11T23:21:35+00:00","og_image":[{"width":1526,"height":749,"url":"https:\/\/moveislaranjo.com\/loja-online\/wp-content\/uploads\/2023\/11\/Rollortopedico_.png","type":"image\/png"}],"twitter_card":"summary_large_image","twitter_site":"@moveislaranjo","twitter_misc":{"Tempo estimado de leitura":"1 minuto"},"schema":{"@context":"https:\/\/schema.org","@graph":[{"@type":"WebPage","@id":"https:\/\/moveislaranjo.com\/loja-online\/produtos\/colchao-lusocolchao-rollortopedico\/","url":"https:\/\/moveislaranjo.com\/loja-online\/produtos\/colchao-lusocolchao-rollortopedico\/","name":"Colch\u00e3o LUSOCOLCH\u00c3O Rollortop\u00e9dico - M\u00f3veis Laranjo","isPartOf":{"@id":"https:\/\/moveislaranjo.com\/loja-online\/#website"},"primaryImageOfPage":{"@id":"https:\/\/moveislaranjo.com\/loja-online\/produtos\/colchao-lusocolchao-rollortopedico\/#primaryimage"},"image":{"@id":"https:\/\/moveislaranjo.com\/loja-online\/produtos\/colchao-lusocolchao-rollortopedico\/#primaryimage"},"thumbnailUrl":"https:\/\/moveislaranjo.com\/loja-online\/wp-content\/uploads\/2023\/11\/Rollortopedico_.png","datePublished":"2023-12-11T23:19:31+00:00","dateModified":"2023-12-11T23:21:35+00:00","breadcrumb":{"@id":"https:\/\/moveislaranjo.com\/loja-online\/produtos\/colchao-lusocolchao-rollortopedico\/#breadcrumb"},"inLanguage":"pt-PT","potentialAction":[{"@type":"ReadAction","target":["https:\/\/moveislaranjo.com\/loja-online\/produtos\/colchao-lusocolchao-rollortopedico\/"]}]},{"@type":"ImageObject","inLanguage":"pt-PT","@id":"https:\/\/moveislaranjo.com\/loja-online\/produtos\/colchao-lusocolchao-rollortopedico\/#primaryimage","url":"https:\/\/moveislaranjo.com\/loja-online\/wp-content\/uploads\/2023\/11\/Rollortopedico_.png","contentUrl":"https:\/\/moveislaranjo.com\/loja-online\/wp-content\/uploads\/2023\/11\/Rollortopedico_.png","width":1526,"height":749},{"@type":"BreadcrumbList","@id":"https:\/\/moveislaranjo.com\/loja-online\/produtos\/colchao-lusocolchao-rollortopedico\/#breadcrumb","itemListElement":[{"@type":"ListItem","position":1,"name":"In\u00edcio","item":"https:\/\/moveislaranjo.com\/loja-online\/"},{"@type":"ListItem","position":2,"name":"Loja","item":"https:\/\/moveislaranjo.com\/loja-online\/produtos\/"},{"@type":"ListItem","position":3,"name":"Colch\u00e3o LUSOCOLCH\u00c3O Rollortop\u00e9dico"}]},{"@type":"WebSite","@id":"https:\/\/moveislaranjo.com\/loja-online\/#website","url":"https:\/\/moveislaranjo.com\/loja-online\/","name":"M\u00f3veis Laranjo","description":"Loja Online","publisher":{"@id":"https:\/\/moveislaranjo.com\/loja-online\/#organization"},"potentialAction":[{"@type":"SearchAction","target":{"@type":"EntryPoint","urlTemplate":"https:\/\/moveislaranjo.com\/loja-online\/?s={search_term_string}"},"query-input":{"@type":"PropertyValueSpecification","valueRequired":true,"valueName":"search_term_string"}}],"inLanguage":"pt-PT"},{"@type":"Organization","@id":"https:\/\/moveislaranjo.com\/loja-online\/#organization","name":"M\u00f3veis Laranjo","url":"https:\/\/moveislaranjo.com\/loja-online\/","logo":{"@type":"ImageObject","inLanguage":"pt-PT","@id":"https:\/\/moveislaranjo.com\/loja-online\/#\/schema\/logo\/image\/","url":"https:\/\/moveislaranjo.com\/loja-online\/wp-content\/uploads\/2022\/02\/logocordelaranja.png","contentUrl":"https:\/\/moveislaranjo.com\/loja-online\/wp-content\/uploads\/2022\/02\/logocordelaranja.png","width":4505,"height":1440,"caption":"M\u00f3veis Laranjo"},"image":{"@id":"https:\/\/moveislaranjo.com\/loja-online\/#\/schema\/logo\/image\/"},"sameAs":["https:\/\/www.facebook.com\/moveislaranjo","https:\/\/x.com\/moveislaranjo","https:\/\/www.instagram.com\/moveislaranjo","https:\/\/linkedin.com\/company\/moveislaranjo","https:\/\/www.youtube.com\/@moveislaranjo"]}]}},"_links":{"self":[{"href":"https:\/\/moveislaranjo.com\/loja-online\/wp-json\/wp\/v2\/product\/5928","targetHints":{"allow":["GET"]}}],"collection":[{"href":"https:\/\/moveislaranjo.com\/loja-online\/wp-json\/wp\/v2\/product"}],"about":[{"href":"https:\/\/moveislaranjo.com\/loja-online\/wp-json\/wp\/v2\/types\/product"}],"replies":[{"embeddable":true,"href":"https:\/\/moveislaranjo.com\/loja-online\/wp-json\/wp\/v2\/comments?post=5928"}],"version-history":[{"count":0,"href":"https:\/\/moveislaranjo.com\/loja-online\/wp-json\/wp\/v2\/product\/5928\/revisions"}],"wp:featuredmedia":[{"embeddable":true,"href":"https:\/\/moveislaranjo.com\/loja-online\/wp-json\/wp\/v2\/media\/4156"}],"wp:attachment":[{"href":"https:\/\/moveislaranjo.com\/loja-online\/wp-json\/wp\/v2\/media?parent=5928"}],"wp:term":[{"taxonomy":"product_brand","embeddable":true,"href":"https:\/\/moveislaranjo.com\/loja-online\/wp-json\/wp\/v2\/product_brand?post=5928"},{"taxonomy":"product_cat","embeddable":true,"href":"https:\/\/moveislaranjo.com\/loja-online\/wp-json\/wp\/v2\/product_cat?post=5928"},{"taxonomy":"product_tag","embeddable":true,"href":"https:\/\/moveislaranjo.com\/loja-online\/wp-json\/wp\/v2\/product_tag?post=5928"}],"curies":[{"name":"wp","href":"https:\/\/api.w.org\/{rel}","templated":true}]}}