{"id":8701,"date":"2024-07-26T15:14:57","date_gmt":"2024-07-26T15:14:57","guid":{"rendered":"https:\/\/moveislaranjo.com\/loja-online\/?page_id=8701"},"modified":"2024-08-13T12:21:18","modified_gmt":"2024-08-13T12:21:18","slug":"servicos-pos-venda","status":"publish","type":"page","link":"https:\/\/moveislaranjo.com\/loja-online\/servicos-pos-venda\/","title":{"rendered":"Servi\u00e7os p\u00f3s-venda"},"content":{"rendered":"\t\t<div data-elementor-type=\"wp-page\" data-elementor-id=\"8701\" class=\"elementor elementor-8701\">\n\t\t\t\t\t\t<section class=\"elementor-section elementor-top-section elementor-element elementor-element-1fd8fb1 elementor-section-full_width elementor-section-height-min-height elementor-section-height-default elementor-section-items-middle\" data-id=\"1fd8fb1\" data-element_type=\"section\" data-e-type=\"section\" data-settings=\"{&quot;background_background&quot;:&quot;classic&quot;}\">\n\t\t\t\t\t\t<div class=\"elementor-container elementor-column-gap-default\">\n\t\t\t\t\t<div class=\"elementor-column elementor-col-100 elementor-top-column elementor-element elementor-element-92718c2\" data-id=\"92718c2\" data-element_type=\"column\" data-e-type=\"column\">\n\t\t\t<div class=\"elementor-widget-wrap elementor-element-populated\">\n\t\t\t\t\t\t<div class=\"elementor-element elementor-element-8cd58a0 elementor-widget elementor-widget-heading\" data-id=\"8cd58a0\" data-element_type=\"widget\" data-e-type=\"widget\" data-widget_type=\"heading.default\">\n\t\t\t\t<div class=\"elementor-widget-container\">\n\t\t\t\t\t<h1 class=\"elementor-heading-title elementor-size-default\">Servi\u00e7os P\u00f3s-Venda<\/h1>\t\t\t\t<\/div>\n\t\t\t\t<\/div>\n\t\t\t\t\t<\/div>\n\t\t<\/div>\n\t\t\t\t\t<\/div>\n\t\t<\/section>\n\t\t\t\t<section class=\"elementor-section elementor-top-section elementor-element elementor-element-73a8df0 elementor-section-boxed elementor-section-height-default elementor-section-height-default\" data-id=\"73a8df0\" data-element_type=\"section\" data-e-type=\"section\">\n\t\t\t\t\t\t<div class=\"elementor-container elementor-column-gap-default\">\n\t\t\t\t\t<div class=\"elementor-column elementor-col-100 elementor-top-column elementor-element elementor-element-d156a33\" data-id=\"d156a33\" data-element_type=\"column\" data-e-type=\"column\">\n\t\t\t<div class=\"elementor-widget-wrap elementor-element-populated\">\n\t\t\t\t\t\t<div class=\"elementor-element elementor-element-e4593d8 elementor-widget elementor-widget-spacer\" data-id=\"e4593d8\" data-element_type=\"widget\" data-e-type=\"widget\" data-widget_type=\"spacer.default\">\n\t\t\t\t<div class=\"elementor-widget-container\">\n\t\t\t\t\t\t\t<div class=\"elementor-spacer\">\n\t\t\t<div class=\"elementor-spacer-inner\"><\/div>\n\t\t<\/div>\n\t\t\t\t\t\t<\/div>\n\t\t\t\t<\/div>\n\t\t\t\t<div class=\"elementor-element elementor-element-b531df2 elementor-widget elementor-widget-heading\" data-id=\"b531df2\" data-element_type=\"widget\" data-e-type=\"widget\" data-widget_type=\"heading.default\">\n\t\t\t\t<div class=\"elementor-widget-container\">\n\t\t\t\t\t<h4 class=\"elementor-heading-title elementor-size-default\">O p\u00f3s-venda mais completo de sempre<\/h4>\t\t\t\t<\/div>\n\t\t\t\t<\/div>\n\t\t\t\t<div class=\"elementor-element elementor-element-5ae775d elementor-widget elementor-widget-text-editor\" data-id=\"5ae775d\" data-element_type=\"widget\" data-e-type=\"widget\" data-widget_type=\"text-editor.default\">\n\t\t\t\t<div class=\"elementor-widget-container\">\n\t\t\t\t\t\t\t\t\t<p>Nos M\u00f3veis Laranjo, valorizamos profundamente a rela\u00e7\u00e3o duradoura com os nossos clientes, acreditando que esta se fortalece quando os nossos m\u00f3veis se tornam parte integrante do seu lar. O nosso servi\u00e7o de p\u00f3s-venda representa uma extens\u00e3o do compromisso que assumimos consigo, oferecendo uma oportunidade para reafirmar a nossa dedica\u00e7\u00e3o \u00e0 sua satisfa\u00e7\u00e3o e garantir que a sua experi\u00eancia connosco seja sempre positiva e enriquecedora.<\/p>\n<p>A nossa equipa est\u00e1 sempre dispon\u00edvel para prestar assist\u00eancia e esclarecer quaisquer d\u00favidas que possam surgir, oferecendo um atendimento personalizado e atento. Estamos preparados para fornecer orienta\u00e7\u00f5es sobre cuidados, manuten\u00e7\u00e3o e as melhores pr\u00e1ticas para assegurar a longevidade e o excelente estado dos seus m\u00f3veis.<\/p>\n<p>Adicionalmente, dispomos de uma gama de servi\u00e7os de restauro e repara\u00e7\u00e3o, concebidos para garantir que os seus m\u00f3veis continuem a corresponder \u00e0s suas expectativas em termos de est\u00e9tica e funcionalidade.<\/p>\n<p>Comprometemo-nos a proporcionar um servi\u00e7o de excel\u00eancia, assegurando um acompanhamento c\u00f3modo e eficaz. A nossa equipa mant\u00e9m-no informado sobre o estado dos seus artigos durante qualquer processo de repara\u00e7\u00e3o, promovendo uma comunica\u00e7\u00e3o clara e constante.<\/p>\n<p>Nos M\u00f3veis Laranjo, o nosso objetivo \u00e9 que se sinta sempre apoiado e satisfeito em todas as fases da sua experi\u00eancia connosco. Convidamo-lo a descobrir o nosso servi\u00e7o de p\u00f3s-venda, cuidadosamente desenhado para oferecer tranquilidade e seguran\u00e7a, refor\u00e7ando a confian\u00e7a que depositou em n\u00f3s.<\/p>\t\t\t\t\t\t\t\t<\/div>\n\t\t\t\t<\/div>\n\t\t\t\t<div class=\"elementor-element elementor-element-4830130 elementor-widget elementor-widget-spacer\" data-id=\"4830130\" data-element_type=\"widget\" data-e-type=\"widget\" data-widget_type=\"spacer.default\">\n\t\t\t\t<div class=\"elementor-widget-container\">\n\t\t\t\t\t\t\t<div class=\"elementor-spacer\">\n\t\t\t<div class=\"elementor-spacer-inner\"><\/div>\n\t\t<\/div>\n\t\t\t\t\t\t<\/div>\n\t\t\t\t<\/div>\n\t\t\t\t\t<\/div>\n\t\t<\/div>\n\t\t\t\t\t<\/div>\n\t\t<\/section>\n\t\t\t\t<\/div>\n\t\t","protected":false},"excerpt":{"rendered":"<p>Servi\u00e7os P\u00f3s-Venda O p\u00f3s-venda mais completo de sempre Nos M\u00f3veis Laranjo, valorizamos profundamente a rela\u00e7\u00e3o duradoura com os nossos clientes, acreditando que esta se fortalece quando os nossos m\u00f3veis se tornam parte integrante do seu lar. O nosso servi\u00e7o de p\u00f3s-venda representa uma extens\u00e3o do compromisso que assumimos consigo, oferecendo uma oportunidade para reafirmar a&#8230;<\/p>\n","protected":false},"author":2,"featured_media":0,"parent":0,"menu_order":0,"comment_status":"closed","ping_status":"closed","template":"","meta":{"_kad_post_transparent":"","_kad_post_title":"hide","_kad_post_layout":"fullwidth","_kad_post_sidebar_id":"","_kad_post_content_style":"unboxed","_kad_post_vertical_padding":"hide","_kad_post_feature":"hide","_kad_post_feature_position":"","_kad_post_header":false,"_kad_post_footer":false,"footnotes":""},"class_list":["post-8701","page","type-page","status-publish","hentry"],"yoast_head":"<!-- This site is optimized with the Yoast SEO plugin v23.7 - https:\/\/yoast.com\/wordpress\/plugins\/seo\/ -->\n<title>Servi\u00e7os p\u00f3s-venda - M\u00f3veis Laranjo<\/title>\n<meta name=\"robots\" content=\"index, follow, max-snippet:-1, max-image-preview:large, max-video-preview:-1\" \/>\n<link rel=\"canonical\" href=\"https:\/\/moveislaranjo.com\/loja-online\/servicos-pos-venda\/\" \/>\n<meta property=\"og:locale\" content=\"pt_PT\" \/>\n<meta property=\"og:type\" content=\"article\" \/>\n<meta property=\"og:title\" content=\"Servi\u00e7os p\u00f3s-venda - M\u00f3veis Laranjo\" \/>\n<meta property=\"og:description\" content=\"Servi\u00e7os P\u00f3s-Venda O p\u00f3s-venda mais completo de sempre Nos M\u00f3veis Laranjo, valorizamos profundamente a rela\u00e7\u00e3o duradoura com os nossos clientes, acreditando que esta se fortalece quando os nossos m\u00f3veis se tornam parte integrante do seu lar. O nosso servi\u00e7o de p\u00f3s-venda representa uma extens\u00e3o do compromisso que assumimos consigo, oferecendo uma oportunidade para reafirmar a...\" \/>\n<meta property=\"og:url\" content=\"https:\/\/moveislaranjo.com\/loja-online\/servicos-pos-venda\/\" \/>\n<meta property=\"og:site_name\" content=\"M\u00f3veis Laranjo\" \/>\n<meta property=\"article:publisher\" content=\"https:\/\/www.facebook.com\/moveislaranjo\" \/>\n<meta property=\"article:modified_time\" content=\"2024-08-13T12:21:18+00:00\" \/>\n<meta name=\"twitter:card\" content=\"summary_large_image\" \/>\n<meta name=\"twitter:site\" content=\"@moveislaranjo\" \/>\n<meta name=\"twitter:label1\" content=\"Tempo estimado de leitura\" \/>\n\t<meta name=\"twitter:data1\" content=\"2 minutos\" \/>\n<script type=\"application\/ld+json\" class=\"yoast-schema-graph\">{\"@context\":\"https:\/\/schema.org\",\"@graph\":[{\"@type\":\"WebPage\",\"@id\":\"https:\/\/moveislaranjo.com\/loja-online\/servicos-pos-venda\/\",\"url\":\"https:\/\/moveislaranjo.com\/loja-online\/servicos-pos-venda\/\",\"name\":\"Servi\u00e7os p\u00f3s-venda - M\u00f3veis Laranjo\",\"isPartOf\":{\"@id\":\"https:\/\/moveislaranjo.com\/loja-online\/#website\"},\"datePublished\":\"2024-07-26T15:14:57+00:00\",\"dateModified\":\"2024-08-13T12:21:18+00:00\",\"breadcrumb\":{\"@id\":\"https:\/\/moveislaranjo.com\/loja-online\/servicos-pos-venda\/#breadcrumb\"},\"inLanguage\":\"pt-PT\",\"potentialAction\":[{\"@type\":\"ReadAction\",\"target\":[\"https:\/\/moveislaranjo.com\/loja-online\/servicos-pos-venda\/\"]}]},{\"@type\":\"BreadcrumbList\",\"@id\":\"https:\/\/moveislaranjo.com\/loja-online\/servicos-pos-venda\/#breadcrumb\",\"itemListElement\":[{\"@type\":\"ListItem\",\"position\":1,\"name\":\"In\u00edcio\",\"item\":\"https:\/\/moveislaranjo.com\/loja-online\/\"},{\"@type\":\"ListItem\",\"position\":2,\"name\":\"Servi\u00e7os p\u00f3s-venda\"}]},{\"@type\":\"WebSite\",\"@id\":\"https:\/\/moveislaranjo.com\/loja-online\/#website\",\"url\":\"https:\/\/moveislaranjo.com\/loja-online\/\",\"name\":\"M\u00f3veis Laranjo\",\"description\":\"Loja Online\",\"publisher\":{\"@id\":\"https:\/\/moveislaranjo.com\/loja-online\/#organization\"},\"potentialAction\":[{\"@type\":\"SearchAction\",\"target\":{\"@type\":\"EntryPoint\",\"urlTemplate\":\"https:\/\/moveislaranjo.com\/loja-online\/?s={search_term_string}\"},\"query-input\":{\"@type\":\"PropertyValueSpecification\",\"valueRequired\":true,\"valueName\":\"search_term_string\"}}],\"inLanguage\":\"pt-PT\"},{\"@type\":\"Organization\",\"@id\":\"https:\/\/moveislaranjo.com\/loja-online\/#organization\",\"name\":\"M\u00f3veis Laranjo\",\"url\":\"https:\/\/moveislaranjo.com\/loja-online\/\",\"logo\":{\"@type\":\"ImageObject\",\"inLanguage\":\"pt-PT\",\"@id\":\"https:\/\/moveislaranjo.com\/loja-online\/#\/schema\/logo\/image\/\",\"url\":\"https:\/\/moveislaranjo.com\/loja-online\/wp-content\/uploads\/2022\/02\/logocordelaranja.png\",\"contentUrl\":\"https:\/\/moveislaranjo.com\/loja-online\/wp-content\/uploads\/2022\/02\/logocordelaranja.png\",\"width\":4505,\"height\":1440,\"caption\":\"M\u00f3veis Laranjo\"},\"image\":{\"@id\":\"https:\/\/moveislaranjo.com\/loja-online\/#\/schema\/logo\/image\/\"},\"sameAs\":[\"https:\/\/www.facebook.com\/moveislaranjo\",\"https:\/\/x.com\/moveislaranjo\",\"https:\/\/www.instagram.com\/moveislaranjo\",\"https:\/\/linkedin.com\/company\/moveislaranjo\",\"https:\/\/www.youtube.com\/@moveislaranjo\"]}]}<\/script>\n<!-- \/ Yoast SEO plugin. -->","yoast_head_json":{"title":"Servi\u00e7os p\u00f3s-venda - M\u00f3veis Laranjo","robots":{"index":"index","follow":"follow","max-snippet":"max-snippet:-1","max-image-preview":"max-image-preview:large","max-video-preview":"max-video-preview:-1"},"canonical":"https:\/\/moveislaranjo.com\/loja-online\/servicos-pos-venda\/","og_locale":"pt_PT","og_type":"article","og_title":"Servi\u00e7os p\u00f3s-venda - M\u00f3veis Laranjo","og_description":"Servi\u00e7os P\u00f3s-Venda O p\u00f3s-venda mais completo de sempre Nos M\u00f3veis Laranjo, valorizamos profundamente a rela\u00e7\u00e3o duradoura com os nossos clientes, acreditando que esta se fortalece quando os nossos m\u00f3veis se tornam parte integrante do seu lar. O nosso servi\u00e7o de p\u00f3s-venda representa uma extens\u00e3o do compromisso que assumimos consigo, oferecendo uma oportunidade para reafirmar a...","og_url":"https:\/\/moveislaranjo.com\/loja-online\/servicos-pos-venda\/","og_site_name":"M\u00f3veis Laranjo","article_publisher":"https:\/\/www.facebook.com\/moveislaranjo","article_modified_time":"2024-08-13T12:21:18+00:00","twitter_card":"summary_large_image","twitter_site":"@moveislaranjo","twitter_misc":{"Tempo estimado de leitura":"2 minutos"},"schema":{"@context":"https:\/\/schema.org","@graph":[{"@type":"WebPage","@id":"https:\/\/moveislaranjo.com\/loja-online\/servicos-pos-venda\/","url":"https:\/\/moveislaranjo.com\/loja-online\/servicos-pos-venda\/","name":"Servi\u00e7os p\u00f3s-venda - M\u00f3veis Laranjo","isPartOf":{"@id":"https:\/\/moveislaranjo.com\/loja-online\/#website"},"datePublished":"2024-07-26T15:14:57+00:00","dateModified":"2024-08-13T12:21:18+00:00","breadcrumb":{"@id":"https:\/\/moveislaranjo.com\/loja-online\/servicos-pos-venda\/#breadcrumb"},"inLanguage":"pt-PT","potentialAction":[{"@type":"ReadAction","target":["https:\/\/moveislaranjo.com\/loja-online\/servicos-pos-venda\/"]}]},{"@type":"BreadcrumbList","@id":"https:\/\/moveislaranjo.com\/loja-online\/servicos-pos-venda\/#breadcrumb","itemListElement":[{"@type":"ListItem","position":1,"name":"In\u00edcio","item":"https:\/\/moveislaranjo.com\/loja-online\/"},{"@type":"ListItem","position":2,"name":"Servi\u00e7os p\u00f3s-venda"}]},{"@type":"WebSite","@id":"https:\/\/moveislaranjo.com\/loja-online\/#website","url":"https:\/\/moveislaranjo.com\/loja-online\/","name":"M\u00f3veis Laranjo","description":"Loja Online","publisher":{"@id":"https:\/\/moveislaranjo.com\/loja-online\/#organization"},"potentialAction":[{"@type":"SearchAction","target":{"@type":"EntryPoint","urlTemplate":"https:\/\/moveislaranjo.com\/loja-online\/?s={search_term_string}"},"query-input":{"@type":"PropertyValueSpecification","valueRequired":true,"valueName":"search_term_string"}}],"inLanguage":"pt-PT"},{"@type":"Organization","@id":"https:\/\/moveislaranjo.com\/loja-online\/#organization","name":"M\u00f3veis Laranjo","url":"https:\/\/moveislaranjo.com\/loja-online\/","logo":{"@type":"ImageObject","inLanguage":"pt-PT","@id":"https:\/\/moveislaranjo.com\/loja-online\/#\/schema\/logo\/image\/","url":"https:\/\/moveislaranjo.com\/loja-online\/wp-content\/uploads\/2022\/02\/logocordelaranja.png","contentUrl":"https:\/\/moveislaranjo.com\/loja-online\/wp-content\/uploads\/2022\/02\/logocordelaranja.png","width":4505,"height":1440,"caption":"M\u00f3veis Laranjo"},"image":{"@id":"https:\/\/moveislaranjo.com\/loja-online\/#\/schema\/logo\/image\/"},"sameAs":["https:\/\/www.facebook.com\/moveislaranjo","https:\/\/x.com\/moveislaranjo","https:\/\/www.instagram.com\/moveislaranjo","https:\/\/linkedin.com\/company\/moveislaranjo","https:\/\/www.youtube.com\/@moveislaranjo"]}]}},"_links":{"self":[{"href":"https:\/\/moveislaranjo.com\/loja-online\/wp-json\/wp\/v2\/pages\/8701","targetHints":{"allow":["GET"]}}],"collection":[{"href":"https:\/\/moveislaranjo.com\/loja-online\/wp-json\/wp\/v2\/pages"}],"about":[{"href":"https:\/\/moveislaranjo.com\/loja-online\/wp-json\/wp\/v2\/types\/page"}],"author":[{"embeddable":true,"href":"https:\/\/moveislaranjo.com\/loja-online\/wp-json\/wp\/v2\/users\/2"}],"replies":[{"embeddable":true,"href":"https:\/\/moveislaranjo.com\/loja-online\/wp-json\/wp\/v2\/comments?post=8701"}],"version-history":[{"count":16,"href":"https:\/\/moveislaranjo.com\/loja-online\/wp-json\/wp\/v2\/pages\/8701\/revisions"}],"predecessor-version":[{"id":9108,"href":"https:\/\/moveislaranjo.com\/loja-online\/wp-json\/wp\/v2\/pages\/8701\/revisions\/9108"}],"wp:attachment":[{"href":"https:\/\/moveislaranjo.com\/loja-online\/wp-json\/wp\/v2\/media?parent=8701"}],"curies":[{"name":"wp","href":"https:\/\/api.w.org\/{rel}","templated":true}]}}