{"id":1495,"date":"2022-03-09T16:27:09","date_gmt":"2022-03-09T16:27:09","guid":{"rendered":"https:\/\/moveislaranjo.com\/loja-online\/?page_id=1495"},"modified":"2024-08-13T12:11:20","modified_gmt":"2024-08-13T12:11:20","slug":"localizacao","status":"publish","type":"page","link":"https:\/\/moveislaranjo.com\/loja-online\/localizacao\/","title":{"rendered":"Localiza\u00e7\u00e3o"},"content":{"rendered":"\t\t<div data-elementor-type=\"wp-page\" data-elementor-id=\"1495\" class=\"elementor elementor-1495\">\n\t\t\t\t\t\t<section class=\"elementor-section elementor-top-section elementor-element elementor-element-989736c elementor-section-full_width elementor-section-height-min-height elementor-section-height-default elementor-section-items-middle\" data-id=\"989736c\" data-element_type=\"section\" data-e-type=\"section\" data-settings=\"{&quot;background_background&quot;:&quot;classic&quot;}\">\n\t\t\t\t\t\t<div class=\"elementor-container elementor-column-gap-default\">\n\t\t\t\t\t<div class=\"elementor-column elementor-col-100 elementor-top-column elementor-element elementor-element-46f00c7\" data-id=\"46f00c7\" data-element_type=\"column\" data-e-type=\"column\">\n\t\t\t<div class=\"elementor-widget-wrap elementor-element-populated\">\n\t\t\t\t\t\t<div class=\"elementor-element elementor-element-2c627fe elementor-widget elementor-widget-heading\" data-id=\"2c627fe\" data-element_type=\"widget\" data-e-type=\"widget\" data-widget_type=\"heading.default\">\n\t\t\t\t<div class=\"elementor-widget-container\">\n\t\t\t\t\t<h1 class=\"elementor-heading-title elementor-size-default\">As nossas instala\u00e7\u00f5es<\/h1>\t\t\t\t<\/div>\n\t\t\t\t<\/div>\n\t\t\t\t\t<\/div>\n\t\t<\/div>\n\t\t\t\t\t<\/div>\n\t\t<\/section>\n\t\t\t\t<section class=\"elementor-section elementor-top-section elementor-element elementor-element-04126a2 elementor-section-boxed elementor-section-height-default elementor-section-height-default\" data-id=\"04126a2\" data-element_type=\"section\" data-e-type=\"section\">\n\t\t\t\t\t\t<div class=\"elementor-container elementor-column-gap-default\">\n\t\t\t\t\t<div class=\"elementor-column elementor-col-100 elementor-top-column elementor-element elementor-element-cbb1b28\" data-id=\"cbb1b28\" data-element_type=\"column\" data-e-type=\"column\">\n\t\t\t<div class=\"elementor-widget-wrap elementor-element-populated\">\n\t\t\t\t\t\t<div class=\"elementor-element elementor-element-d39d208 elementor-widget elementor-widget-spacer\" data-id=\"d39d208\" data-element_type=\"widget\" data-e-type=\"widget\" data-widget_type=\"spacer.default\">\n\t\t\t\t<div class=\"elementor-widget-container\">\n\t\t\t\t\t\t\t<div class=\"elementor-spacer\">\n\t\t\t<div class=\"elementor-spacer-inner\"><\/div>\n\t\t<\/div>\n\t\t\t\t\t\t<\/div>\n\t\t\t\t<\/div>\n\t\t\t\t<div class=\"elementor-element elementor-element-ae89eec elementor-widget elementor-widget-heading\" data-id=\"ae89eec\" data-element_type=\"widget\" data-e-type=\"widget\" data-widget_type=\"heading.default\">\n\t\t\t\t<div class=\"elementor-widget-container\">\n\t\t\t\t\t<h2 class=\"elementor-heading-title elementor-size-default\">Iniciar a navega\u00e7\u00e3o<\/h2>\t\t\t\t<\/div>\n\t\t\t\t<\/div>\n\t\t\t\t\t<\/div>\n\t\t<\/div>\n\t\t\t\t\t<\/div>\n\t\t<\/section>\n\t\t\t\t<section class=\"elementor-section elementor-top-section elementor-element elementor-element-5267f1c elementor-section-boxed elementor-section-height-default elementor-section-height-default\" data-id=\"5267f1c\" data-element_type=\"section\" data-e-type=\"section\">\n\t\t\t\t\t\t<div class=\"elementor-container elementor-column-gap-default\">\n\t\t\t\t\t<div class=\"elementor-column elementor-col-25 elementor-top-column elementor-element elementor-element-a397da4\" data-id=\"a397da4\" data-element_type=\"column\" data-e-type=\"column\">\n\t\t\t<div class=\"elementor-widget-wrap elementor-element-populated\">\n\t\t\t\t\t\t<div class=\"elementor-element elementor-element-4b79c3a elementor-widget elementor-widget-image\" data-id=\"4b79c3a\" data-element_type=\"widget\" data-e-type=\"widget\" data-widget_type=\"image.default\">\n\t\t\t\t<div class=\"elementor-widget-container\">\n\t\t\t\t\t\t\t\t\t\t\t\t\t\t\t<img decoding=\"async\" src=\"https:\/\/cdn.icon-icons.com\/icons2\/3915\/PNG\/512\/waze_logo_icon_249220.png\" title=\"\" alt=\"\" loading=\"lazy\" \/>\t\t\t\t\t\t\t\t\t\t\t\t\t\t\t<\/div>\n\t\t\t\t<\/div>\n\t\t\t\t\t<\/div>\n\t\t<\/div>\n\t\t\t\t<div class=\"elementor-column elementor-col-25 elementor-top-column elementor-element elementor-element-8b285eb\" data-id=\"8b285eb\" data-element_type=\"column\" data-e-type=\"column\">\n\t\t\t<div class=\"elementor-widget-wrap elementor-element-populated\">\n\t\t\t\t\t\t<div class=\"elementor-element elementor-element-89de8e3 elementor-align-left elementor-widget elementor-widget-button\" data-id=\"89de8e3\" data-element_type=\"widget\" data-e-type=\"widget\" data-widget_type=\"button.default\">\n\t\t\t\t<div class=\"elementor-widget-container\">\n\t\t\t\t\t\t\t\t\t<div class=\"elementor-button-wrapper\">\n\t\t\t\t\t<a class=\"elementor-button elementor-button-link elementor-size-sm\" href=\"https:\/\/www.waze.com\/en\/live-map\/directions\/pt\/leiria\/m.nha-grande\/moveis-laranjo?navigate=yes&#038;place=ChIJnV9DyIQOIg0RVDAaH1ORnu8&#038;utm_campaign=iframe_search&#038;utm_medium=lm_share_location&#038;utm_source=direct_link\" target=\"_blank\">\n\t\t\t\t\t\t<span class=\"elementor-button-content-wrapper\">\n\t\t\t\t\t\t\t\t\t<span class=\"elementor-button-text\">Abrir no Waze<\/span>\n\t\t\t\t\t<\/span>\n\t\t\t\t\t<\/a>\n\t\t\t\t<\/div>\n\t\t\t\t\t\t\t\t<\/div>\n\t\t\t\t<\/div>\n\t\t\t\t\t<\/div>\n\t\t<\/div>\n\t\t\t\t<div class=\"elementor-column elementor-col-25 elementor-top-column elementor-element elementor-element-474e941\" data-id=\"474e941\" data-element_type=\"column\" data-e-type=\"column\">\n\t\t\t<div class=\"elementor-widget-wrap elementor-element-populated\">\n\t\t\t\t\t\t<div class=\"elementor-element elementor-element-61ced65 elementor-widget elementor-widget-image\" data-id=\"61ced65\" data-element_type=\"widget\" data-e-type=\"widget\" data-widget_type=\"image.default\">\n\t\t\t\t<div class=\"elementor-widget-container\">\n\t\t\t\t\t\t\t\t\t\t\t\t\t\t\t<img decoding=\"async\" src=\"https:\/\/lh3.googleusercontent.com\/9tLfTpdILdHDAvGrRm7GdbjWdpbWSMOa0csoQ8pUba9tLP8tq7M4Quks1xuMQAVnAxVfryiDXRzZ-KDnkPv8Sm4g_YFom1ltQHjQ6Q\" title=\"\" alt=\"\" loading=\"lazy\" \/>\t\t\t\t\t\t\t\t\t\t\t\t\t\t\t<\/div>\n\t\t\t\t<\/div>\n\t\t\t\t\t<\/div>\n\t\t<\/div>\n\t\t\t\t<div class=\"elementor-column elementor-col-25 elementor-top-column elementor-element elementor-element-7ef758b\" data-id=\"7ef758b\" data-element_type=\"column\" data-e-type=\"column\">\n\t\t\t<div class=\"elementor-widget-wrap elementor-element-populated\">\n\t\t\t\t\t\t<div class=\"elementor-element elementor-element-57bc796 elementor-align-left elementor-widget elementor-widget-button\" data-id=\"57bc796\" data-element_type=\"widget\" data-e-type=\"widget\" data-widget_type=\"button.default\">\n\t\t\t\t<div class=\"elementor-widget-container\">\n\t\t\t\t\t\t\t\t\t<div class=\"elementor-button-wrapper\">\n\t\t\t\t\t<a class=\"elementor-button elementor-button-link elementor-size-sm\" href=\"https:\/\/maps.app.goo.gl\/txsAzXignCXCZuzL8\" target=\"_blank\">\n\t\t\t\t\t\t<span class=\"elementor-button-content-wrapper\">\n\t\t\t\t\t\t\t\t\t<span class=\"elementor-button-text\">Abrir no Google Maps<\/span>\n\t\t\t\t\t<\/span>\n\t\t\t\t\t<\/a>\n\t\t\t\t<\/div>\n\t\t\t\t\t\t\t\t<\/div>\n\t\t\t\t<\/div>\n\t\t\t\t\t<\/div>\n\t\t<\/div>\n\t\t\t\t\t<\/div>\n\t\t<\/section>\n\t\t\t\t<section class=\"elementor-section elementor-top-section elementor-element elementor-element-348d868 elementor-section-boxed elementor-section-height-default elementor-section-height-default\" data-id=\"348d868\" data-element_type=\"section\" data-e-type=\"section\">\n\t\t\t\t\t\t<div class=\"elementor-container elementor-column-gap-default\">\n\t\t\t\t\t<div class=\"elementor-column elementor-col-100 elementor-top-column elementor-element elementor-element-0716a1e\" data-id=\"0716a1e\" data-element_type=\"column\" data-e-type=\"column\">\n\t\t\t<div class=\"elementor-widget-wrap elementor-element-populated\">\n\t\t\t\t\t\t<div class=\"elementor-element elementor-element-ab84785 elementor-widget elementor-widget-spacer\" data-id=\"ab84785\" data-element_type=\"widget\" data-e-type=\"widget\" data-widget_type=\"spacer.default\">\n\t\t\t\t<div class=\"elementor-widget-container\">\n\t\t\t\t\t\t\t<div class=\"elementor-spacer\">\n\t\t\t<div class=\"elementor-spacer-inner\"><\/div>\n\t\t<\/div>\n\t\t\t\t\t\t<\/div>\n\t\t\t\t<\/div>\n\t\t\t\t<div class=\"elementor-element elementor-element-843b976 elementor-widget elementor-widget-heading\" data-id=\"843b976\" data-element_type=\"widget\" data-e-type=\"widget\" data-widget_type=\"heading.default\">\n\t\t\t\t<div class=\"elementor-widget-container\">\n\t\t\t\t\t<h2 class=\"elementor-heading-title elementor-size-default\">Mapa<\/h2>\t\t\t\t<\/div>\n\t\t\t\t<\/div>\n\t\t\t\t\t<\/div>\n\t\t<\/div>\n\t\t\t\t\t<\/div>\n\t\t<\/section>\n\t\t\t\t<section class=\"elementor-section elementor-top-section elementor-element elementor-element-5df37ad elementor-section-boxed elementor-section-height-default elementor-section-height-default\" data-id=\"5df37ad\" data-element_type=\"section\" data-e-type=\"section\">\n\t\t\t\t\t\t<div class=\"elementor-container elementor-column-gap-default\">\n\t\t\t\t\t<div class=\"elementor-column elementor-col-100 elementor-top-column elementor-element elementor-element-d3f5131\" data-id=\"d3f5131\" data-element_type=\"column\" data-e-type=\"column\">\n\t\t\t<div class=\"elementor-widget-wrap elementor-element-populated\">\n\t\t\t\t\t\t<div class=\"elementor-element elementor-element-53913a8 elementor-widget elementor-widget-google_maps\" data-id=\"53913a8\" data-element_type=\"widget\" data-e-type=\"widget\" data-widget_type=\"google_maps.default\">\n\t\t\t\t<div class=\"elementor-widget-container\">\n\t\t\t\t\t\t\t<div class=\"elementor-custom-embed\">\n\t\t\t<iframe loading=\"lazy\"\n\t\t\t\t\tsrc=\"https:\/\/maps.google.com\/maps?q=M%C3%B3veis%20Laranjo&#038;t=m&#038;z=18&#038;output=embed&#038;iwloc=near\"\n\t\t\t\t\ttitle=\"M\u00f3veis Laranjo\"\n\t\t\t\t\taria-label=\"M\u00f3veis Laranjo\"\n\t\t\t><\/iframe>\n\t\t<\/div>\n\t\t\t\t\t\t<\/div>\n\t\t\t\t<\/div>\n\t\t\t\t<div class=\"elementor-element elementor-element-bc1945c elementor-widget elementor-widget-spacer\" data-id=\"bc1945c\" data-element_type=\"widget\" data-e-type=\"widget\" data-widget_type=\"spacer.default\">\n\t\t\t\t<div class=\"elementor-widget-container\">\n\t\t\t\t\t\t\t<div class=\"elementor-spacer\">\n\t\t\t<div class=\"elementor-spacer-inner\"><\/div>\n\t\t<\/div>\n\t\t\t\t\t\t<\/div>\n\t\t\t\t<\/div>\n\t\t\t\t\t<\/div>\n\t\t<\/div>\n\t\t\t\t\t<\/div>\n\t\t<\/section>\n\t\t\t\t<\/div>\n\t\t","protected":false},"excerpt":{"rendered":"<p>As nossas instala\u00e7\u00f5es Iniciar a navega\u00e7\u00e3o Abrir no Waze Abrir no Google Maps Mapa<\/p>\n","protected":false},"author":2,"featured_media":0,"parent":0,"menu_order":0,"comment_status":"closed","ping_status":"closed","template":"","meta":{"_kad_post_transparent":"","_kad_post_title":"hide","_kad_post_layout":"fullwidth","_kad_post_sidebar_id":"","_kad_post_content_style":"unboxed","_kad_post_vertical_padding":"hide","_kad_post_feature":"hide","_kad_post_feature_position":"","_kad_post_header":false,"_kad_post_footer":false,"footnotes":""},"class_list":["post-1495","page","type-page","status-publish","hentry"],"yoast_head":"<!-- This site is optimized with the Yoast SEO plugin v23.7 - https:\/\/yoast.com\/wordpress\/plugins\/seo\/ -->\n<title>Localiza\u00e7\u00e3o - M\u00f3veis Laranjo<\/title>\n<meta name=\"robots\" content=\"index, follow, max-snippet:-1, max-image-preview:large, max-video-preview:-1\" \/>\n<link rel=\"canonical\" href=\"https:\/\/moveislaranjo.com\/loja-online\/localizacao\/\" \/>\n<meta property=\"og:locale\" content=\"pt_PT\" \/>\n<meta property=\"og:type\" content=\"article\" \/>\n<meta property=\"og:title\" content=\"Localiza\u00e7\u00e3o - M\u00f3veis Laranjo\" \/>\n<meta property=\"og:description\" content=\"As nossas instala\u00e7\u00f5es Iniciar a navega\u00e7\u00e3o Abrir no Waze Abrir no Google Maps Mapa\" \/>\n<meta property=\"og:url\" content=\"https:\/\/moveislaranjo.com\/loja-online\/localizacao\/\" \/>\n<meta property=\"og:site_name\" content=\"M\u00f3veis Laranjo\" \/>\n<meta property=\"article:publisher\" content=\"https:\/\/www.facebook.com\/moveislaranjo\" \/>\n<meta property=\"article:modified_time\" content=\"2024-08-13T12:11:20+00:00\" \/>\n<meta property=\"og:image\" content=\"https:\/\/cdn.icon-icons.com\/icons2\/3915\/PNG\/512\/waze_logo_icon_249220.png\" \/>\n<meta name=\"twitter:card\" content=\"summary_large_image\" \/>\n<meta name=\"twitter:site\" content=\"@moveislaranjo\" \/>\n<meta name=\"twitter:label1\" content=\"Tempo estimado de leitura\" \/>\n\t<meta name=\"twitter:data1\" content=\"1 minuto\" \/>\n<script type=\"application\/ld+json\" class=\"yoast-schema-graph\">{\"@context\":\"https:\/\/schema.org\",\"@graph\":[{\"@type\":\"WebPage\",\"@id\":\"https:\/\/moveislaranjo.com\/loja-online\/localizacao\/\",\"url\":\"https:\/\/moveislaranjo.com\/loja-online\/localizacao\/\",\"name\":\"Localiza\u00e7\u00e3o - M\u00f3veis Laranjo\",\"isPartOf\":{\"@id\":\"https:\/\/moveislaranjo.com\/loja-online\/#website\"},\"primaryImageOfPage\":{\"@id\":\"https:\/\/moveislaranjo.com\/loja-online\/localizacao\/#primaryimage\"},\"image\":{\"@id\":\"https:\/\/moveislaranjo.com\/loja-online\/localizacao\/#primaryimage\"},\"thumbnailUrl\":\"https:\/\/cdn.icon-icons.com\/icons2\/3915\/PNG\/512\/waze_logo_icon_249220.png\",\"datePublished\":\"2022-03-09T16:27:09+00:00\",\"dateModified\":\"2024-08-13T12:11:20+00:00\",\"breadcrumb\":{\"@id\":\"https:\/\/moveislaranjo.com\/loja-online\/localizacao\/#breadcrumb\"},\"inLanguage\":\"pt-PT\",\"potentialAction\":[{\"@type\":\"ReadAction\",\"target\":[\"https:\/\/moveislaranjo.com\/loja-online\/localizacao\/\"]}]},{\"@type\":\"ImageObject\",\"inLanguage\":\"pt-PT\",\"@id\":\"https:\/\/moveislaranjo.com\/loja-online\/localizacao\/#primaryimage\",\"url\":\"https:\/\/cdn.icon-icons.com\/icons2\/3915\/PNG\/512\/waze_logo_icon_249220.png\",\"contentUrl\":\"https:\/\/cdn.icon-icons.com\/icons2\/3915\/PNG\/512\/waze_logo_icon_249220.png\"},{\"@type\":\"BreadcrumbList\",\"@id\":\"https:\/\/moveislaranjo.com\/loja-online\/localizacao\/#breadcrumb\",\"itemListElement\":[{\"@type\":\"ListItem\",\"position\":1,\"name\":\"In\u00edcio\",\"item\":\"https:\/\/moveislaranjo.com\/loja-online\/\"},{\"@type\":\"ListItem\",\"position\":2,\"name\":\"Localiza\u00e7\u00e3o\"}]},{\"@type\":\"WebSite\",\"@id\":\"https:\/\/moveislaranjo.com\/loja-online\/#website\",\"url\":\"https:\/\/moveislaranjo.com\/loja-online\/\",\"name\":\"M\u00f3veis Laranjo\",\"description\":\"Loja Online\",\"publisher\":{\"@id\":\"https:\/\/moveislaranjo.com\/loja-online\/#organization\"},\"potentialAction\":[{\"@type\":\"SearchAction\",\"target\":{\"@type\":\"EntryPoint\",\"urlTemplate\":\"https:\/\/moveislaranjo.com\/loja-online\/?s={search_term_string}\"},\"query-input\":{\"@type\":\"PropertyValueSpecification\",\"valueRequired\":true,\"valueName\":\"search_term_string\"}}],\"inLanguage\":\"pt-PT\"},{\"@type\":\"Organization\",\"@id\":\"https:\/\/moveislaranjo.com\/loja-online\/#organization\",\"name\":\"M\u00f3veis Laranjo\",\"url\":\"https:\/\/moveislaranjo.com\/loja-online\/\",\"logo\":{\"@type\":\"ImageObject\",\"inLanguage\":\"pt-PT\",\"@id\":\"https:\/\/moveislaranjo.com\/loja-online\/#\/schema\/logo\/image\/\",\"url\":\"https:\/\/moveislaranjo.com\/loja-online\/wp-content\/uploads\/2022\/02\/logocordelaranja.png\",\"contentUrl\":\"https:\/\/moveislaranjo.com\/loja-online\/wp-content\/uploads\/2022\/02\/logocordelaranja.png\",\"width\":4505,\"height\":1440,\"caption\":\"M\u00f3veis Laranjo\"},\"image\":{\"@id\":\"https:\/\/moveislaranjo.com\/loja-online\/#\/schema\/logo\/image\/\"},\"sameAs\":[\"https:\/\/www.facebook.com\/moveislaranjo\",\"https:\/\/x.com\/moveislaranjo\",\"https:\/\/www.instagram.com\/moveislaranjo\",\"https:\/\/linkedin.com\/company\/moveislaranjo\",\"https:\/\/www.youtube.com\/@moveislaranjo\"]}]}<\/script>\n<!-- \/ Yoast SEO plugin. -->","yoast_head_json":{"title":"Localiza\u00e7\u00e3o - M\u00f3veis Laranjo","robots":{"index":"index","follow":"follow","max-snippet":"max-snippet:-1","max-image-preview":"max-image-preview:large","max-video-preview":"max-video-preview:-1"},"canonical":"https:\/\/moveislaranjo.com\/loja-online\/localizacao\/","og_locale":"pt_PT","og_type":"article","og_title":"Localiza\u00e7\u00e3o - M\u00f3veis Laranjo","og_description":"As nossas instala\u00e7\u00f5es Iniciar a navega\u00e7\u00e3o Abrir no Waze Abrir no Google Maps Mapa","og_url":"https:\/\/moveislaranjo.com\/loja-online\/localizacao\/","og_site_name":"M\u00f3veis Laranjo","article_publisher":"https:\/\/www.facebook.com\/moveislaranjo","article_modified_time":"2024-08-13T12:11:20+00:00","og_image":[{"url":"https:\/\/cdn.icon-icons.com\/icons2\/3915\/PNG\/512\/waze_logo_icon_249220.png"}],"twitter_card":"summary_large_image","twitter_site":"@moveislaranjo","twitter_misc":{"Tempo estimado de leitura":"1 minuto"},"schema":{"@context":"https:\/\/schema.org","@graph":[{"@type":"WebPage","@id":"https:\/\/moveislaranjo.com\/loja-online\/localizacao\/","url":"https:\/\/moveislaranjo.com\/loja-online\/localizacao\/","name":"Localiza\u00e7\u00e3o - M\u00f3veis Laranjo","isPartOf":{"@id":"https:\/\/moveislaranjo.com\/loja-online\/#website"},"primaryImageOfPage":{"@id":"https:\/\/moveislaranjo.com\/loja-online\/localizacao\/#primaryimage"},"image":{"@id":"https:\/\/moveislaranjo.com\/loja-online\/localizacao\/#primaryimage"},"thumbnailUrl":"https:\/\/cdn.icon-icons.com\/icons2\/3915\/PNG\/512\/waze_logo_icon_249220.png","datePublished":"2022-03-09T16:27:09+00:00","dateModified":"2024-08-13T12:11:20+00:00","breadcrumb":{"@id":"https:\/\/moveislaranjo.com\/loja-online\/localizacao\/#breadcrumb"},"inLanguage":"pt-PT","potentialAction":[{"@type":"ReadAction","target":["https:\/\/moveislaranjo.com\/loja-online\/localizacao\/"]}]},{"@type":"ImageObject","inLanguage":"pt-PT","@id":"https:\/\/moveislaranjo.com\/loja-online\/localizacao\/#primaryimage","url":"https:\/\/cdn.icon-icons.com\/icons2\/3915\/PNG\/512\/waze_logo_icon_249220.png","contentUrl":"https:\/\/cdn.icon-icons.com\/icons2\/3915\/PNG\/512\/waze_logo_icon_249220.png"},{"@type":"BreadcrumbList","@id":"https:\/\/moveislaranjo.com\/loja-online\/localizacao\/#breadcrumb","itemListElement":[{"@type":"ListItem","position":1,"name":"In\u00edcio","item":"https:\/\/moveislaranjo.com\/loja-online\/"},{"@type":"ListItem","position":2,"name":"Localiza\u00e7\u00e3o"}]},{"@type":"WebSite","@id":"https:\/\/moveislaranjo.com\/loja-online\/#website","url":"https:\/\/moveislaranjo.com\/loja-online\/","name":"M\u00f3veis Laranjo","description":"Loja Online","publisher":{"@id":"https:\/\/moveislaranjo.com\/loja-online\/#organization"},"potentialAction":[{"@type":"SearchAction","target":{"@type":"EntryPoint","urlTemplate":"https:\/\/moveislaranjo.com\/loja-online\/?s={search_term_string}"},"query-input":{"@type":"PropertyValueSpecification","valueRequired":true,"valueName":"search_term_string"}}],"inLanguage":"pt-PT"},{"@type":"Organization","@id":"https:\/\/moveislaranjo.com\/loja-online\/#organization","name":"M\u00f3veis Laranjo","url":"https:\/\/moveislaranjo.com\/loja-online\/","logo":{"@type":"ImageObject","inLanguage":"pt-PT","@id":"https:\/\/moveislaranjo.com\/loja-online\/#\/schema\/logo\/image\/","url":"https:\/\/moveislaranjo.com\/loja-online\/wp-content\/uploads\/2022\/02\/logocordelaranja.png","contentUrl":"https:\/\/moveislaranjo.com\/loja-online\/wp-content\/uploads\/2022\/02\/logocordelaranja.png","width":4505,"height":1440,"caption":"M\u00f3veis Laranjo"},"image":{"@id":"https:\/\/moveislaranjo.com\/loja-online\/#\/schema\/logo\/image\/"},"sameAs":["https:\/\/www.facebook.com\/moveislaranjo","https:\/\/x.com\/moveislaranjo","https:\/\/www.instagram.com\/moveislaranjo","https:\/\/linkedin.com\/company\/moveislaranjo","https:\/\/www.youtube.com\/@moveislaranjo"]}]}},"_links":{"self":[{"href":"https:\/\/moveislaranjo.com\/loja-online\/wp-json\/wp\/v2\/pages\/1495","targetHints":{"allow":["GET"]}}],"collection":[{"href":"https:\/\/moveislaranjo.com\/loja-online\/wp-json\/wp\/v2\/pages"}],"about":[{"href":"https:\/\/moveislaranjo.com\/loja-online\/wp-json\/wp\/v2\/types\/page"}],"author":[{"embeddable":true,"href":"https:\/\/moveislaranjo.com\/loja-online\/wp-json\/wp\/v2\/users\/2"}],"replies":[{"embeddable":true,"href":"https:\/\/moveislaranjo.com\/loja-online\/wp-json\/wp\/v2\/comments?post=1495"}],"version-history":[{"count":68,"href":"https:\/\/moveislaranjo.com\/loja-online\/wp-json\/wp\/v2\/pages\/1495\/revisions"}],"predecessor-version":[{"id":9095,"href":"https:\/\/moveislaranjo.com\/loja-online\/wp-json\/wp\/v2\/pages\/1495\/revisions\/9095"}],"wp:attachment":[{"href":"https:\/\/moveislaranjo.com\/loja-online\/wp-json\/wp\/v2\/media?parent=1495"}],"curies":[{"name":"wp","href":"https:\/\/api.w.org\/{rel}","templated":true}]}}